{"id":32050,"date":"2024-06-07T14:11:43","date_gmt":"2024-06-07T12:11:43","guid":{"rendered":"https:\/\/reden.solar\/unsere-arbeitsweise\/akquisitionen\/"},"modified":"2024-07-23T14:35:01","modified_gmt":"2024-07-23T12:35:01","slug":"akquisitionen","status":"publish","type":"page","link":"https:\/\/reden.solar\/de\/unsere-arbeitsweise\/akquisitionen\/","title":{"rendered":"Akquisitionen"},"content":{"rendered":"\t\t<div data-elementor-type=\"wp-page\" data-elementor-id=\"32050\" class=\"elementor elementor-32050 elementor-400\" data-elementor-post-type=\"page\">\n\t\t\t\t\t\t<section class=\"elementor-section elementor-top-section elementor-element elementor-element-cb91f85 elementor-section-height-min-height elementor-section-items-stretch elementor-section-stretched elementor-section-boxed elementor-section-height-default\" data-id=\"cb91f85\" data-element_type=\"section\" data-e-type=\"section\" data-settings=\"{&quot;stretch_section&quot;:&quot;section-stretched&quot;,&quot;background_background&quot;:&quot;classic&quot;}\">\n\t\t\t\t\t\t<div class=\"elementor-container elementor-column-gap-default\">\n\t\t\t\t\t<div class=\"elementor-column elementor-col-100 elementor-top-column elementor-element elementor-element-41ffd36\" data-id=\"41ffd36\" data-element_type=\"column\" data-e-type=\"column\">\n\t\t\t<div class=\"elementor-widget-wrap elementor-element-populated\">\n\t\t\t\t\t\t<section class=\"elementor-section elementor-inner-section elementor-element elementor-element-518883b elementor-section-height-min-height elementor-reverse-mobile elementor-section-boxed elementor-section-height-default\" data-id=\"518883b\" data-element_type=\"section\" data-e-type=\"section\">\n\t\t\t\t\t\t<div class=\"elementor-container elementor-column-gap-default\">\n\t\t\t\t\t<div class=\"elementor-column elementor-col-50 elementor-inner-column elementor-element elementor-element-d416078\" data-id=\"d416078\" data-element_type=\"column\" data-e-type=\"column\" data-settings=\"{&quot;background_background&quot;:&quot;classic&quot;}\">\n\t\t\t<div class=\"elementor-widget-wrap elementor-element-populated\">\n\t\t\t\t\t\t<div class=\"elementor-element elementor-element-5a8dc5b elementor-widget elementor-widget-heading\" data-id=\"5a8dc5b\" data-element_type=\"widget\" data-e-type=\"widget\" data-widget_type=\"heading.default\">\n\t\t\t\t<div class=\"elementor-widget-container\">\n\t\t\t\t\t<div class=\"elementor-heading-title elementor-size-default\">UNSERE ARBEITSWEISE<\/div>\t\t\t\t<\/div>\n\t\t\t\t<\/div>\n\t\t\t\t<div class=\"elementor-element elementor-element-d6747ab elementor-widget elementor-widget-heading\" data-id=\"d6747ab\" data-element_type=\"widget\" data-e-type=\"widget\" data-widget_type=\"heading.default\">\n\t\t\t\t<div class=\"elementor-widget-container\">\n\t\t\t\t\t<h1 class=\"elementor-heading-title elementor-size-default\">Akquisitionen<\/h1>\t\t\t\t<\/div>\n\t\t\t\t<\/div>\n\t\t\t\t\t<\/div>\n\t\t<\/div>\n\t\t\t\t<div class=\"elementor-column elementor-col-50 elementor-inner-column elementor-element elementor-element-042a1b1\" data-id=\"042a1b1\" data-element_type=\"column\" data-e-type=\"column\">\n\t\t\t<div class=\"elementor-widget-wrap elementor-element-populated\">\n\t\t\t\t\t\t<div class=\"elementor-element elementor-element-2f12f5f elementor-widget elementor-widget-spacer\" data-id=\"2f12f5f\" data-element_type=\"widget\" data-e-type=\"widget\" data-widget_type=\"spacer.default\">\n\t\t\t\t<div class=\"elementor-widget-container\">\n\t\t\t\t\t\t\t<div class=\"elementor-spacer\">\n\t\t\t<div class=\"elementor-spacer-inner\"><\/div>\n\t\t<\/div>\n\t\t\t\t\t\t<\/div>\n\t\t\t\t<\/div>\n\t\t\t\t\t<\/div>\n\t\t<\/div>\n\t\t\t\t\t<\/div>\n\t\t<\/section>\n\t\t\t\t\t<\/div>\n\t\t<\/div>\n\t\t\t\t\t<\/div>\n\t\t<\/section>\n\t\t\t\t<section class=\"elementor-section elementor-top-section elementor-element elementor-element-548a276f txt-aparte elementor-section-stretched elementor-section-boxed elementor-section-height-default elementor-section-height-default\" data-id=\"548a276f\" data-element_type=\"section\" data-e-type=\"section\" data-settings=\"{&quot;stretch_section&quot;:&quot;section-stretched&quot;}\">\n\t\t\t\t\t\t<div class=\"elementor-container elementor-column-gap-no\">\n\t\t\t\t\t<div class=\"elementor-column elementor-col-100 elementor-top-column elementor-element elementor-element-406c411e\" data-id=\"406c411e\" data-element_type=\"column\" data-e-type=\"column\">\n\t\t\t<div class=\"elementor-widget-wrap elementor-element-populated\">\n\t\t\t\t\t\t<div class=\"elementor-element elementor-element-454d13ff block-txt-aparte elementor-widget elementor-widget-text-editor\" data-id=\"454d13ff\" data-element_type=\"widget\" data-e-type=\"widget\" data-widget_type=\"text-editor.default\">\n\t\t\t\t<div class=\"elementor-widget-container\">\n\t\t\t\t\t\t\t\t\t<p>Auf Grundlage seiner hohen Finanzkraft beschleunigt REDEN sein Wachstum durch den Zukauf bestehender Projekte, haupts\u00e4chlich in Frankreich und S\u00fcdeuropa. Unsere DNA ist zwar immer noch die eines Entwicklers \u2013 aber unsere Akquisitionsstrategie erm\u00f6glicht es unserer Gruppe, schneller zu wachsen und unsere Betriebs- und Wartungsstruktur zu optimieren.<\/p>\n\t\t\t\t\t\t\t\t<\/div>\n\t\t\t\t<\/div>\n\t\t\t\t\t<\/div>\n\t\t<\/div>\n\t\t\t\t\t<\/div>\n\t\t<\/section>\n\t\t\t\t<section class=\"elementor-section elementor-top-section elementor-element elementor-element-5c9ad59b elementor-section-stretched elementor-section-boxed elementor-section-height-default elementor-section-height-default\" data-id=\"5c9ad59b\" data-element_type=\"section\" data-e-type=\"section\" data-settings=\"{&quot;stretch_section&quot;:&quot;section-stretched&quot;,&quot;background_background&quot;:&quot;classic&quot;}\">\n\t\t\t\t\t\t<div class=\"elementor-container elementor-column-gap-no\">\n\t\t\t\t\t<div class=\"elementor-column elementor-col-100 elementor-top-column elementor-element elementor-element-2181f738\" data-id=\"2181f738\" data-element_type=\"column\" data-e-type=\"column\">\n\t\t\t<div class=\"elementor-widget-wrap elementor-element-populated\">\n\t\t\t\t\t\t<div class=\"elementor-element elementor-element-29ae1df5 elementor-widget elementor-widget-heading\" data-id=\"29ae1df5\" data-element_type=\"widget\" data-e-type=\"widget\" data-widget_type=\"heading.default\">\n\t\t\t\t<div class=\"elementor-widget-container\">\n\t\t\t\t\t<h2 class=\"elementor-heading-title elementor-size-default\">Kennzahlen seit 2018<\/h2>\t\t\t\t<\/div>\n\t\t\t\t<\/div>\n\t\t\t\t\t<\/div>\n\t\t<\/div>\n\t\t\t\t\t<\/div>\n\t\t<\/section>\n\t\t\t\t<section class=\"elementor-section elementor-top-section elementor-element elementor-element-67ce12c elementor-section-stretched elementor-section-content-top chiffres-cles elementor-section-boxed elementor-section-height-default elementor-section-height-default\" data-id=\"67ce12c\" data-element_type=\"section\" data-e-type=\"section\" data-settings=\"{&quot;stretch_section&quot;:&quot;section-stretched&quot;,&quot;background_background&quot;:&quot;classic&quot;}\">\n\t\t\t\t\t\t<div class=\"elementor-container elementor-column-gap-no\">\n\t\t\t\t\t<div class=\"elementor-column elementor-col-33 elementor-top-column elementor-element elementor-element-793cc43\" data-id=\"793cc43\" data-element_type=\"column\" data-e-type=\"column\">\n\t\t\t<div class=\"elementor-widget-wrap elementor-element-populated\">\n\t\t\t\t\t\t<div class=\"elementor-element elementor-element-2f6364 item-chiffres-cles elementor-widget elementor-widget-counter\" data-id=\"2f6364\" data-element_type=\"widget\" data-e-type=\"widget\" data-widget_type=\"counter.default\">\n\t\t\t\t<div class=\"elementor-widget-container\">\n\t\t\t\t\t\t\t<div class=\"elementor-counter\">\n\t\t\t<div class=\"elementor-counter-title\"><span>Akquisitionen<\/span><\/div>\t\t\t<div class=\"elementor-counter-number-wrapper\">\n\t\t\t\t<span class=\"elementor-counter-number-prefix\"><\/span>\n\t\t\t\t<span class=\"elementor-counter-number\" data-duration=\"2000\" data-to-value=\"1.3\" data-from-value=\"0\" data-delimiter=\",\">0<\/span>\n\t\t\t\t<span class=\"elementor-counter-number-suffix\"> GW<\/span>\n\t\t\t<\/div>\n\t\t<\/div>\n\t\t\t\t\t\t<\/div>\n\t\t\t\t<\/div>\n\t\t\t\t\t<\/div>\n\t\t<\/div>\n\t\t\t\t<div class=\"elementor-column elementor-col-33 elementor-top-column elementor-element elementor-element-b03ecab\" data-id=\"b03ecab\" data-element_type=\"column\" data-e-type=\"column\">\n\t\t\t<div class=\"elementor-widget-wrap elementor-element-populated\">\n\t\t\t\t\t\t<div class=\"elementor-element elementor-element-562d573e item-chiffres-cles elementor-widget elementor-widget-counter\" data-id=\"562d573e\" data-element_type=\"widget\" data-e-type=\"widget\" data-widget_type=\"counter.default\">\n\t\t\t\t<div class=\"elementor-widget-container\">\n\t\t\t\t\t\t\t<div class=\"elementor-counter\">\n\t\t\t<div class=\"elementor-counter-title\"><span>Transaktionen <span>abgeschlossen<\/span><\/div>\t\t\t<div class=\"elementor-counter-number-wrapper\">\n\t\t\t\t<span class=\"elementor-counter-number-prefix\"><\/span>\n\t\t\t\t<span class=\"elementor-counter-number\" data-duration=\"2000\" data-to-value=\"26\" data-from-value=\"0\" data-delimiter=\",\">0<\/span>\n\t\t\t\t<span class=\"elementor-counter-number-suffix\"><\/span>\n\t\t\t<\/div>\n\t\t<\/div>\n\t\t\t\t\t\t<\/div>\n\t\t\t\t<\/div>\n\t\t\t\t\t<\/div>\n\t\t<\/div>\n\t\t\t\t<div class=\"elementor-column elementor-col-33 elementor-top-column elementor-element elementor-element-1896878\" data-id=\"1896878\" data-element_type=\"column\" data-e-type=\"column\">\n\t\t\t<div class=\"elementor-widget-wrap elementor-element-populated\">\n\t\t\t\t\t\t<div class=\"elementor-element elementor-element-2665ca9c item-chiffres-cles elementor-widget elementor-widget-counter\" data-id=\"2665ca9c\" data-element_type=\"widget\" data-e-type=\"widget\" data-widget_type=\"counter.default\">\n\t\t\t\t<div class=\"elementor-widget-container\">\n\t\t\t\t\t\t\t<div class=\"elementor-counter\">\n\t\t\t<div class=\"elementor-counter-title\"><span>Sechs beteiligte <span>L\u00e4nder<\/span><\/div>\t\t\t<div class=\"elementor-counter-number-wrapper\">\n\t\t\t\t<span class=\"elementor-counter-number-prefix\"><\/span>\n\t\t\t\t<span class=\"elementor-counter-number\" data-duration=\"2000\" data-to-value=\"6\" data-from-value=\"0\">0<\/span>\n\t\t\t\t<span class=\"elementor-counter-number-suffix\"><\/span>\n\t\t\t<\/div>\n\t\t<\/div>\n\t\t\t\t\t\t<\/div>\n\t\t\t\t<\/div>\n\t\t\t\t\t<\/div>\n\t\t<\/div>\n\t\t\t\t\t<\/div>\n\t\t<\/section>\n\t\t\t\t<section class=\"elementor-section elementor-top-section elementor-element elementor-element-7f3a2489 elementor-section-stretched elementor-section-boxed elementor-section-height-default elementor-section-height-default\" data-id=\"7f3a2489\" data-element_type=\"section\" data-e-type=\"section\" data-settings=\"{&quot;stretch_section&quot;:&quot;section-stretched&quot;,&quot;background_background&quot;:&quot;classic&quot;}\">\n\t\t\t\t\t\t<div class=\"elementor-container elementor-column-gap-no\">\n\t\t\t\t\t<div class=\"elementor-column elementor-col-100 elementor-top-column elementor-element elementor-element-7b10d43f\" data-id=\"7b10d43f\" data-element_type=\"column\" data-e-type=\"column\">\n\t\t\t<div class=\"elementor-widget-wrap elementor-element-populated\">\n\t\t\t\t\t\t<div class=\"elementor-element elementor-element-2adb07a2 elementor-widget elementor-widget-heading\" data-id=\"2adb07a2\" data-element_type=\"widget\" data-e-type=\"widget\" data-widget_type=\"heading.default\">\n\t\t\t\t<div class=\"elementor-widget-container\">\n\t\t\t\t\t<h3 class=\"elementor-heading-title elementor-size-default\">UNSER GLOBALER ANSATZ<\/h3>\t\t\t\t<\/div>\n\t\t\t\t<\/div>\n\t\t\t\t<div class=\"elementor-element elementor-element-98c4702 content-expertises elementor-widget elementor-widget-global elementor-global-33273 elementor-widget-html\" data-id=\"98c4702\" data-element_type=\"widget\" data-e-type=\"widget\" data-widget_type=\"html.default\">\n\t\t\t\t<div class=\"elementor-widget-container\">\n\t\t\t\t\t<div class=\"nos-expertises\">\n    <ul class=\"txt-expert\">\n        <li class=\"item1\">\n            <a class=\"picto-mobile\" href=\"\/de\/unsere-arbeitsweise\/akquisitionen\/\" title=\"Akquisitionen\">\n                <img decoding=\"async\" src=\"\/wp-content\/uploads\/2020\/03\/Picto-aquisition.svg\" width=\"45\" alt=\"Picto Acquisitions\" \/>\n            <\/a>\n            <a href=\"\/de\/unsere-arbeitsweise\/akquisitionen\/\" title=\"Akquisitionen\">\n                Akquisitionen\n            <\/a>\n        <\/li>\n        <li class=\"item2\">\n            <a class=\"picto-mobile\" href=\"\/de\/unsere-arbeitsweise\/entwicklung-und-design\/\" title=\"Entwicklung und Design\">\n                <img decoding=\"async\" src=\"\/wp-content\/uploads\/2020\/03\/Picto-dev-et-concep.svg\" width=\"70\" alt=\"Picto d\u00e9veloppement et conception\" \/>\n            <\/a>\n            <a href=\"\/de\/unsere-arbeitsweise\/entwicklung-und-design\/\" title=\"Entwicklung und Design\">\n                Entwicklung<br>und Design \n            <\/a>\n        <\/li>\n        <li class=\"item3\">\n            <a class=\"picto-mobile\" href=\"\/de\/unsere-arbeitsweise\/projektmanagement-betrieb-und-instandhaltung\/\" title=\"Projektmanagement, Betrieb und Instandhaltung\">\n                <img decoding=\"async\" src=\"\/wp-content\/uploads\/2020\/03\/Picto-Maintenance.svg\" width=\"50\" alt=\"Picto ma\u00eetrise d\u2019ouvrage\" \/>\n            <\/a>\n            <a href=\"\/de\/unsere-arbeitsweise\/projektmanagement-betrieb-und-instandhaltung\/\" title=\"Projektmanagement, Betrieb und Instandhaltung\">\n                Projektmanagement, Betrieb und Instandhaltung\n            <\/a>\n            <\/li>\n        <li class=\"item4\">\n            <a class=\"picto-mobile\" href=\"\/de\/unsere-arbeitsweise\/herstellung-von-photovoltaik-penels\/\" title=\"Herstellung von Photovoltaik-Penels\">\n                <img decoding=\"async\" src=\"\/wp-content\/uploads\/2020\/03\/Picto-fab-des-modules.svg\" width=\"65\" alt=\"Picto fabrication des modules\" \/>\n            <\/a>\n            <a href=\"\/de\/unsere-arbeitsweise\/herstellung-von-photovoltaik-penels\/\" title=\"Herstellung von Photovoltaik-Penels\">\n                Herstellung von Photovoltaik-Penels\n            <\/a>\n        <\/li>\n        <li class=\"item5\">\n            <a class=\"picto-mobile\" href=\"\/de\/unsere-arbeitsweise\/administration-und-finanzierung\/\" title=\"Administration und Finanzierung\">\n                <img decoding=\"async\" src=\"\/wp-content\/uploads\/2020\/03\/Picto-financement.svg\" width=\"65\" alt=\"Picto financement\" \/>\n            <\/a>\n            <a href=\"\/de\/unsere-arbeitsweise\/administration-und-finanzierung\/\" title=\"Administration und Finanzierung\">\n                Administration und Finanzierung\n            <\/a>\n        <\/li>\n    <\/ul>\n    <ul class=\"liste-pictos\">\n        <li class=\"picto1 active-show-picto\">\n            <a href=\"\/notre-demarche\/acquisition\" title=\"Acquisitions\">\n                <img decoding=\"async\" src=\"\/wp-content\/uploads\/2020\/03\/Picto-aquisition.svg\" width=\"77\" alt=\"Picto Acquisitions\" \/>\n            <\/a>\n        <\/li>\n        <li class=\"picto2\">\n            <a href=\"\/notre-demarche\/developpement-et-conception\" title=\"D\u00e9veloppement et conception\">\n                <img decoding=\"async\" src=\"\/wp-content\/uploads\/2020\/03\/Picto-dev-et-concep.svg\" width=\"125\" alt=\"Picto d\u00e9veloppement et conception\" \/>\n            <\/a>\n        <\/li>\n        <li class=\"picto3\">\n            <a href=\"\/notre-demarche\/maitrise-d-ouvrage-exploitation-et-maintenance\" title=\"Ma\u00eetrise d\u2019ouvrage exploitation et maintenance\">\n                <img decoding=\"async\" src=\"\/wp-content\/uploads\/2020\/03\/Picto-Maintenance.svg\" width=\"90\" alt=\"Picto ma\u00eetrise d\u2019ouvrage\" \/>\n            <\/a>\n        <\/li>\n        <li class=\"picto4\">\n            <a href=\"\/notre-demarche\/fabrication-des-modules-photovoltaiques\" title=\"Fabrication des modules photovolta\u00efques\">\n                <img decoding=\"async\" src=\"\/wp-content\/uploads\/2020\/03\/Picto-fab-des-modules.svg\" width=\"128\" alt=\"Picto fabrication des modules\" \/>\n            <\/a>\n        <\/li>\n        <li class=\"picto5\">\n            <a href=\"\/notre-demarche\/demarches-administratives-et-financement\" title=\"D\u00e9marches administratives et Financement\">\n                <img decoding=\"async\" src=\"\/wp-content\/uploads\/2020\/03\/Picto-financement.svg\" width=\"124\" alt=\"Picto financement\" \/>\n            <\/a>\n        <\/li>\n    <\/ul>\n    <div class=\"circle-dashed\">&nbsp;<\/div>\n<\/div>\t\t\t\t<\/div>\n\t\t\t\t<\/div>\n\t\t\t\t\t<\/div>\n\t\t<\/div>\n\t\t\t\t\t<\/div>\n\t\t<\/section>\n\t\t\t\t<\/div>\n\t\t","protected":false},"excerpt":{"rendered":"<p>UNSERE ARBEITSWEISE Auf Grundlage seiner hohen Finanzkraft beschleunigt REDEN sein Wachstum durch den Zukauf bestehender Projekte, haupts\u00e4chlich in Frankreich und S\u00fcdeuropa. Unsere DNA ist zwar immer noch die eines Entwicklers \u2013 aber unsere Akquisitionsstrategie erm\u00f6glicht es unserer Gruppe, schneller zu wachsen und unsere Betriebs- und Wartungsstruktur zu optimieren. Kennzahlen seit 2018 Akquisitionen 0 GW Transaktionen &#8230; <a title=\"Akquisitionen\" class=\"read-more\" href=\"https:\/\/reden.solar\/de\/unsere-arbeitsweise\/akquisitionen\/\" aria-label=\"Mehr Informationen \u00fcber Akquisitionen\">Weiterlesen<\/a><\/p>\n","protected":false},"author":3,"featured_media":0,"parent":32011,"menu_order":0,"comment_status":"closed","ping_status":"closed","template":"elementor_header_footer","meta":{"inline_featured_image":false,"footnotes":""},"class_list":["post-32050","page","type-page","status-publish"],"yoast_head":"<!-- This site is optimized with the Yoast SEO plugin v27.3 - https:\/\/yoast.com\/product\/yoast-seo-wordpress\/ -->\n<title>Akquisitionen - REDEN<\/title>\n<meta name=\"description\" content=\"Dank seiner Finanzkraft orientiert sich REDEN auch auf den Erwerb bestehender Projekte, um seine Entwicklung zu beschleunigen\" \/>\n<meta name=\"robots\" content=\"index, follow, max-snippet:-1, max-image-preview:large, max-video-preview:-1\" \/>\n<link rel=\"canonical\" href=\"https:\/\/reden.solar\/de\/unsere-arbeitsweise\/akquisitionen\/\" \/>\n<meta property=\"og:locale\" content=\"de_DE\" \/>\n<meta property=\"og:type\" content=\"article\" \/>\n<meta property=\"og:title\" content=\"Akquisitionen - REDEN\" \/>\n<meta property=\"og:description\" content=\"Dank seiner Finanzkraft orientiert sich REDEN auch auf den Erwerb bestehender Projekte, um seine Entwicklung zu beschleunigen\" \/>\n<meta property=\"og:url\" content=\"https:\/\/reden.solar\/de\/unsere-arbeitsweise\/akquisitionen\/\" \/>\n<meta property=\"og:site_name\" content=\"REDEN\" \/>\n<meta property=\"article:modified_time\" content=\"2024-07-23T12:35:01+00:00\" \/>\n<meta name=\"twitter:card\" content=\"summary_large_image\" \/>\n<meta name=\"twitter:label1\" content=\"Gesch\u00e4tzte Lesezeit\" \/>\n\t<meta name=\"twitter:data1\" content=\"3\u00a0Minuten\" \/>\n<script type=\"application\/ld+json\" class=\"yoast-schema-graph\">{\"@context\":\"https:\\\/\\\/schema.org\",\"@graph\":[{\"@type\":\"WebPage\",\"@id\":\"https:\\\/\\\/reden.solar\\\/de\\\/unsere-arbeitsweise\\\/akquisitionen\\\/\",\"url\":\"https:\\\/\\\/reden.solar\\\/de\\\/unsere-arbeitsweise\\\/akquisitionen\\\/\",\"name\":\"Akquisitionen - REDEN\",\"isPartOf\":{\"@id\":\"https:\\\/\\\/reden.solar\\\/de\\\/#website\"},\"datePublished\":\"2024-06-07T12:11:43+00:00\",\"dateModified\":\"2024-07-23T12:35:01+00:00\",\"description\":\"Dank seiner Finanzkraft orientiert sich REDEN auch auf den Erwerb bestehender Projekte, um seine Entwicklung zu beschleunigen\",\"breadcrumb\":{\"@id\":\"https:\\\/\\\/reden.solar\\\/de\\\/unsere-arbeitsweise\\\/akquisitionen\\\/#breadcrumb\"},\"inLanguage\":\"de\",\"potentialAction\":[{\"@type\":\"ReadAction\",\"target\":[\"https:\\\/\\\/reden.solar\\\/de\\\/unsere-arbeitsweise\\\/akquisitionen\\\/\"]}]},{\"@type\":\"BreadcrumbList\",\"@id\":\"https:\\\/\\\/reden.solar\\\/de\\\/unsere-arbeitsweise\\\/akquisitionen\\\/#breadcrumb\",\"itemListElement\":[{\"@type\":\"ListItem\",\"position\":1,\"name\":\"Accueil\",\"item\":\"https:\\\/\\\/reden.solar\\\/de\\\/\"},{\"@type\":\"ListItem\",\"position\":2,\"name\":\"UNSERE ARBEITSWEISE\",\"item\":\"https:\\\/\\\/reden.solar\\\/de\\\/unsere-arbeitsweise\\\/\"},{\"@type\":\"ListItem\",\"position\":3,\"name\":\"Akquisitionen\"}]},{\"@type\":\"WebSite\",\"@id\":\"https:\\\/\\\/reden.solar\\\/de\\\/#website\",\"url\":\"https:\\\/\\\/reden.solar\\\/de\\\/\",\"name\":\"REDEN\",\"description\":\"Sp\u00e9cialiste de la production d\u2019\u00e9lectricit\u00e9 photovolta\u00efque et du stockage d&#039;\u00e9nergie\",\"publisher\":{\"@id\":\"https:\\\/\\\/reden.solar\\\/de\\\/#organization\"},\"potentialAction\":[{\"@type\":\"SearchAction\",\"target\":{\"@type\":\"EntryPoint\",\"urlTemplate\":\"https:\\\/\\\/reden.solar\\\/de\\\/?s={search_term_string}\"},\"query-input\":{\"@type\":\"PropertyValueSpecification\",\"valueRequired\":true,\"valueName\":\"search_term_string\"}}],\"inLanguage\":\"de\"},{\"@type\":\"Organization\",\"@id\":\"https:\\\/\\\/reden.solar\\\/de\\\/#organization\",\"name\":\"REDEN\",\"url\":\"https:\\\/\\\/reden.solar\\\/de\\\/\",\"logo\":{\"@type\":\"ImageObject\",\"inLanguage\":\"de\",\"@id\":\"https:\\\/\\\/reden.solar\\\/de\\\/#\\\/schema\\\/logo\\\/image\\\/\",\"url\":\"https:\\\/\\\/reden.solar\\\/wp-content\\\/uploads\\\/2025\\\/01\\\/cropped-reden-quadri.png\",\"contentUrl\":\"https:\\\/\\\/reden.solar\\\/wp-content\\\/uploads\\\/2025\\\/01\\\/cropped-reden-quadri.png\",\"width\":2399,\"height\":850,\"caption\":\"REDEN\"},\"image\":{\"@id\":\"https:\\\/\\\/reden.solar\\\/de\\\/#\\\/schema\\\/logo\\\/image\\\/\"},\"sameAs\":[\"https:\\\/\\\/www.linkedin.com\\\/company\\\/redensolar\\\/mycompany\\\/\",\"https:\\\/\\\/vimeo.com\\\/redensolar\"]}]}<\/script>\n<!-- \/ Yoast SEO plugin. -->","yoast_head_json":{"title":"Akquisitionen - REDEN","description":"Dank seiner Finanzkraft orientiert sich REDEN auch auf den Erwerb bestehender Projekte, um seine Entwicklung zu beschleunigen","robots":{"index":"index","follow":"follow","max-snippet":"max-snippet:-1","max-image-preview":"max-image-preview:large","max-video-preview":"max-video-preview:-1"},"canonical":"https:\/\/reden.solar\/de\/unsere-arbeitsweise\/akquisitionen\/","og_locale":"de_DE","og_type":"article","og_title":"Akquisitionen - REDEN","og_description":"Dank seiner Finanzkraft orientiert sich REDEN auch auf den Erwerb bestehender Projekte, um seine Entwicklung zu beschleunigen","og_url":"https:\/\/reden.solar\/de\/unsere-arbeitsweise\/akquisitionen\/","og_site_name":"REDEN","article_modified_time":"2024-07-23T12:35:01+00:00","twitter_card":"summary_large_image","twitter_misc":{"Gesch\u00e4tzte Lesezeit":"3\u00a0Minuten"},"schema":{"@context":"https:\/\/schema.org","@graph":[{"@type":"WebPage","@id":"https:\/\/reden.solar\/de\/unsere-arbeitsweise\/akquisitionen\/","url":"https:\/\/reden.solar\/de\/unsere-arbeitsweise\/akquisitionen\/","name":"Akquisitionen - REDEN","isPartOf":{"@id":"https:\/\/reden.solar\/de\/#website"},"datePublished":"2024-06-07T12:11:43+00:00","dateModified":"2024-07-23T12:35:01+00:00","description":"Dank seiner Finanzkraft orientiert sich REDEN auch auf den Erwerb bestehender Projekte, um seine Entwicklung zu beschleunigen","breadcrumb":{"@id":"https:\/\/reden.solar\/de\/unsere-arbeitsweise\/akquisitionen\/#breadcrumb"},"inLanguage":"de","potentialAction":[{"@type":"ReadAction","target":["https:\/\/reden.solar\/de\/unsere-arbeitsweise\/akquisitionen\/"]}]},{"@type":"BreadcrumbList","@id":"https:\/\/reden.solar\/de\/unsere-arbeitsweise\/akquisitionen\/#breadcrumb","itemListElement":[{"@type":"ListItem","position":1,"name":"Accueil","item":"https:\/\/reden.solar\/de\/"},{"@type":"ListItem","position":2,"name":"UNSERE ARBEITSWEISE","item":"https:\/\/reden.solar\/de\/unsere-arbeitsweise\/"},{"@type":"ListItem","position":3,"name":"Akquisitionen"}]},{"@type":"WebSite","@id":"https:\/\/reden.solar\/de\/#website","url":"https:\/\/reden.solar\/de\/","name":"REDEN","description":"Sp\u00e9cialiste de la production d\u2019\u00e9lectricit\u00e9 photovolta\u00efque et du stockage d&#039;\u00e9nergie","publisher":{"@id":"https:\/\/reden.solar\/de\/#organization"},"potentialAction":[{"@type":"SearchAction","target":{"@type":"EntryPoint","urlTemplate":"https:\/\/reden.solar\/de\/?s={search_term_string}"},"query-input":{"@type":"PropertyValueSpecification","valueRequired":true,"valueName":"search_term_string"}}],"inLanguage":"de"},{"@type":"Organization","@id":"https:\/\/reden.solar\/de\/#organization","name":"REDEN","url":"https:\/\/reden.solar\/de\/","logo":{"@type":"ImageObject","inLanguage":"de","@id":"https:\/\/reden.solar\/de\/#\/schema\/logo\/image\/","url":"https:\/\/reden.solar\/wp-content\/uploads\/2025\/01\/cropped-reden-quadri.png","contentUrl":"https:\/\/reden.solar\/wp-content\/uploads\/2025\/01\/cropped-reden-quadri.png","width":2399,"height":850,"caption":"REDEN"},"image":{"@id":"https:\/\/reden.solar\/de\/#\/schema\/logo\/image\/"},"sameAs":["https:\/\/www.linkedin.com\/company\/redensolar\/mycompany\/","https:\/\/vimeo.com\/redensolar"]}]}},"_links":{"self":[{"href":"https:\/\/reden.solar\/de\/wp-json\/wp\/v2\/pages\/32050","targetHints":{"allow":["GET"]}}],"collection":[{"href":"https:\/\/reden.solar\/de\/wp-json\/wp\/v2\/pages"}],"about":[{"href":"https:\/\/reden.solar\/de\/wp-json\/wp\/v2\/types\/page"}],"author":[{"embeddable":true,"href":"https:\/\/reden.solar\/de\/wp-json\/wp\/v2\/users\/3"}],"replies":[{"embeddable":true,"href":"https:\/\/reden.solar\/de\/wp-json\/wp\/v2\/comments?post=32050"}],"version-history":[{"count":5,"href":"https:\/\/reden.solar\/de\/wp-json\/wp\/v2\/pages\/32050\/revisions"}],"predecessor-version":[{"id":33293,"href":"https:\/\/reden.solar\/de\/wp-json\/wp\/v2\/pages\/32050\/revisions\/33293"}],"up":[{"embeddable":true,"href":"https:\/\/reden.solar\/de\/wp-json\/wp\/v2\/pages\/32011"}],"wp:attachment":[{"href":"https:\/\/reden.solar\/de\/wp-json\/wp\/v2\/media?parent=32050"}],"curies":[{"name":"wp","href":"https:\/\/api.w.org\/{rel}","templated":true}]}}