{"id":32541,"date":"2024-07-22T15:04:11","date_gmt":"2024-07-22T13:04:11","guid":{"rendered":"https:\/\/reden.solar\/agrivoltaik-standorte-fuer-viehzucht-und-ackerbau\/"},"modified":"2024-07-22T15:04:37","modified_gmt":"2024-07-22T13:04:37","slug":"agrivoltaik-standorte-fuer-viehzucht-und-ackerbau","status":"publish","type":"page","link":"https:\/\/reden.solar\/de\/agrivoltaik-standorte-fuer-viehzucht-und-ackerbau\/","title":{"rendered":"Agrivoltaik-Standorte f\u00fcr Viehzucht und Ackerbau"},"content":{"rendered":"<p style=\"text-align: center;\"><strong>Eine Win-Win-Partnerschaft, die das agronomische Potenzial von landwirtschaftlichen Fl\u00e4chen und den Tierschutz verbessert<\/strong><\/p>\n<p>REDEN engagiert sich f\u00fcr die Entwicklung von Projekten mit hohem Wert f\u00fcr lokale Betreiber. Aus diesem Grund haben wir als eines der ersten Unternehmen mehrmonatige Studien zur Weidehaltung von Rindern im Umfeld von PV-Anlagen durchgef\u00fchrt:<\/p>\n<ul>\n<li>2020: Studie mit tr\u00e4chtigen K\u00fchen in der N\u00e4he einer unserer fest installierten Photovoltaikanlagen.<\/li>\n<li>2022-2023: Studie mit einer Herde von K\u00fchen, K\u00e4lbern und Bullen auf einer mit Trackern ausgestatteten Anlage<\/li>\n<\/ul>\n<p>Die Studien haben die Vorteile f\u00fcr den Betrieb sowie das Wohlergehen der Tiere und die Qualit\u00e4t der Futterproduktion best\u00e4tigt.<\/p>\n<p>In den Jahren 2022 und 2023 hat REDEN zudem vielversprechende Versuche mit Feldfr\u00fcchten (Soja und Sorghum) zwischen Reihen von Solarmodulen durchgef\u00fchrt, die auf Trackern montiert waren. Dabei erleichterte die Steuerbarkeit der Module die Ernte. Dar\u00fcber hinaus reduziert der rotierende Schatten den Wasserstress f\u00fcr Pflanzen und B\u00f6den bei hei\u00dfem Wetter.<\/p>\n<p style=\"text-align: center;\"><strong>Bis zu 95 % der Fl\u00e4chen werden landwirtschaftlich genutzt<\/strong><\/p>\n<p>Dank unserer Studien konnten wir unsere L\u00f6sungen soweit optimieren, dass sie eine echte Verbesserung f\u00fcr landwirtschaftliche Fl\u00e4chen, f\u00fcr das Wohlergehen der Tiere sowie f\u00fcr die Landbesitzer und Landwirte darstellen.<\/p>\n<p>Besonders Gr\u00fcnland mit geringem agronomischem Potenzial kommt f\u00fcr diese Art von Photovoltaikprojekten in Frage.<\/p>\n<p><strong><u>Ihre Vorteile: <\/u><\/strong><\/p>\n<ul>\n<li>Schutz der l\u00e4ndlichen Umwelt und des Wohlergehens der Tiere:\n<ul>\n<li>Aufwertung der landwirtschaftlichen Fl\u00e4chen und Sicherung der Zukunft der Betriebe<\/li>\n<li>Schutz der Tiere vor Witterungseinfl\u00fcssen und Raubtieren (von REDEN errichtete Z\u00e4une rund um das Grundst\u00fcck)<\/li>\n<li>Gr\u00fcneres und dichteres Gras und weniger Wasserstress<\/li>\n<li>\u00dcberwachung der Biodiversit\u00e4t<\/li>\n<li>Unterst\u00fctzung bei der Auswahl von Pflanzen durch unabh\u00e4ngige Berater<\/li>\n<\/ul>\n<\/li>\n<\/ul>\n<ul>\n<li>Kosten-Einsparungen und zus\u00e4tzliches Einkommen:\n<ul>\n<li>Finanzierung von Betriebsverbesserungen und der Ausstattung durch REDEN (Tr\u00f6ge, Gestelle, Z\u00e4une, Hecken usw.)<\/li>\n<li>Ausgewogene Entlohnung f\u00fcr Landbesitzer und Landwirte<\/li>\n<li>Wartung der Photovoltaikanlage und der Einrichtungen durch REDEN<\/li>\n<\/ul>\n<\/li>\n<\/ul>\n<ul>\n<li>Soziales Commitment:\n<ul>\n<li>Wirtschaftlicher Nutzen f\u00fcr Gemeinden und Kommunen<\/li>\n<li>REDEN ist in der gesamten Wertsch\u00f6pfungskette pr\u00e4sent: Projektplanung und -entwicklung, Bau, Betrieb und Wartung der Solarenergieanlagen<\/li>\n<\/ul>\n<\/li>\n<\/ul>\n<p><strong>Besitzen Sie brachliegendes oder langj\u00e4hriges Gr\u00fcnland mit geringem agronomischem Potenzial?<\/strong><\/p>\n<p>Wir unterst\u00fctzen Sie dabei, den Wert Ihrer Fl\u00e4chen zu zu steigern und gleichzeitig erneuerbare \u00a0Energie zu erzeugen.<br \/>\nKontaktieren Sie uns f\u00fcr eine kostenlose Machbarkeitsstudie f\u00fcr Ihr Projekt.<\/p>\n","protected":false},"excerpt":{"rendered":"<p>Eine Win-Win-Partnerschaft, die das agronomische Potenzial von landwirtschaftlichen Fl\u00e4chen und den Tierschutz verbessert REDEN engagiert sich f\u00fcr die Entwicklung von Projekten mit hohem Wert f\u00fcr lokale Betreiber. Aus diesem Grund haben wir als eines der ersten Unternehmen mehrmonatige Studien zur Weidehaltung von Rindern im Umfeld von PV-Anlagen durchgef\u00fchrt: 2020: Studie mit tr\u00e4chtigen K\u00fchen in der &#8230; <a title=\"Agrivoltaik-Standorte f\u00fcr Viehzucht und Ackerbau\" class=\"read-more\" href=\"https:\/\/reden.solar\/de\/agrivoltaik-standorte-fuer-viehzucht-und-ackerbau\/\" aria-label=\"Mehr Informationen \u00fcber Agrivoltaik-Standorte f\u00fcr Viehzucht und Ackerbau\">Weiterlesen<\/a><\/p>\n","protected":false},"author":5,"featured_media":0,"parent":0,"menu_order":0,"comment_status":"closed","ping_status":"closed","template":"","meta":{"inline_featured_image":false,"footnotes":""},"class_list":["post-32541","page","type-page","status-publish"],"yoast_head":"<!-- This site is optimized with the Yoast SEO plugin v27.5 - https:\/\/yoast.com\/product\/yoast-seo-wordpress\/ -->\n<title>Agrivoltaik-Standorte f\u00fcr Viehzucht und Ackerbau - REDEN<\/title>\n<meta name=\"robots\" content=\"index, follow, max-snippet:-1, max-image-preview:large, max-video-preview:-1\" \/>\n<link rel=\"canonical\" href=\"https:\/\/reden.solar\/de\/agrivoltaik-standorte-fuer-viehzucht-und-ackerbau\/\" \/>\n<meta property=\"og:locale\" content=\"de_DE\" \/>\n<meta property=\"og:type\" content=\"article\" \/>\n<meta property=\"og:title\" content=\"Agrivoltaik-Standorte f\u00fcr Viehzucht und Ackerbau - REDEN\" \/>\n<meta property=\"og:description\" content=\"Eine Win-Win-Partnerschaft, die das agronomische Potenzial von landwirtschaftlichen Fl\u00e4chen und den Tierschutz verbessert REDEN engagiert sich f\u00fcr die Entwicklung von Projekten mit hohem Wert f\u00fcr lokale Betreiber. Aus diesem Grund haben wir als eines der ersten Unternehmen mehrmonatige Studien zur Weidehaltung von Rindern im Umfeld von PV-Anlagen durchgef\u00fchrt: 2020: Studie mit tr\u00e4chtigen K\u00fchen in der ... Weiterlesen\" \/>\n<meta property=\"og:url\" content=\"https:\/\/reden.solar\/de\/agrivoltaik-standorte-fuer-viehzucht-und-ackerbau\/\" \/>\n<meta property=\"og:site_name\" content=\"REDEN\" \/>\n<meta property=\"article:modified_time\" content=\"2024-07-22T13:04:37+00:00\" \/>\n<meta name=\"twitter:card\" content=\"summary_large_image\" \/>\n<meta name=\"twitter:label1\" content=\"Gesch\u00e4tzte Lesezeit\" \/>\n\t<meta name=\"twitter:data1\" content=\"2\u00a0Minuten\" \/>\n<script type=\"application\/ld+json\" class=\"yoast-schema-graph\">{\"@context\":\"https:\\\/\\\/schema.org\",\"@graph\":[{\"@type\":\"WebPage\",\"@id\":\"https:\\\/\\\/reden.solar\\\/de\\\/agrivoltaik-standorte-fuer-viehzucht-und-ackerbau\\\/\",\"url\":\"https:\\\/\\\/reden.solar\\\/de\\\/agrivoltaik-standorte-fuer-viehzucht-und-ackerbau\\\/\",\"name\":\"Agrivoltaik-Standorte f\u00fcr Viehzucht und Ackerbau - REDEN\",\"isPartOf\":{\"@id\":\"https:\\\/\\\/reden.solar\\\/de\\\/#website\"},\"datePublished\":\"2024-07-22T13:04:11+00:00\",\"dateModified\":\"2024-07-22T13:04:37+00:00\",\"breadcrumb\":{\"@id\":\"https:\\\/\\\/reden.solar\\\/de\\\/agrivoltaik-standorte-fuer-viehzucht-und-ackerbau\\\/#breadcrumb\"},\"inLanguage\":\"de\",\"potentialAction\":[{\"@type\":\"ReadAction\",\"target\":[\"https:\\\/\\\/reden.solar\\\/de\\\/agrivoltaik-standorte-fuer-viehzucht-und-ackerbau\\\/\"]}]},{\"@type\":\"BreadcrumbList\",\"@id\":\"https:\\\/\\\/reden.solar\\\/de\\\/agrivoltaik-standorte-fuer-viehzucht-und-ackerbau\\\/#breadcrumb\",\"itemListElement\":[{\"@type\":\"ListItem\",\"position\":1,\"name\":\"Accueil\",\"item\":\"https:\\\/\\\/reden.solar\\\/de\\\/\"},{\"@type\":\"ListItem\",\"position\":2,\"name\":\"Agrivoltaik-Standorte f\u00fcr Viehzucht und Ackerbau\"}]},{\"@type\":\"WebSite\",\"@id\":\"https:\\\/\\\/reden.solar\\\/de\\\/#website\",\"url\":\"https:\\\/\\\/reden.solar\\\/de\\\/\",\"name\":\"REDEN\",\"description\":\"Sp\u00e9cialiste de la production d\u2019\u00e9lectricit\u00e9 photovolta\u00efque et du stockage d&#039;\u00e9nergie\",\"publisher\":{\"@id\":\"https:\\\/\\\/reden.solar\\\/de\\\/#organization\"},\"potentialAction\":[{\"@type\":\"SearchAction\",\"target\":{\"@type\":\"EntryPoint\",\"urlTemplate\":\"https:\\\/\\\/reden.solar\\\/de\\\/?s={search_term_string}\"},\"query-input\":{\"@type\":\"PropertyValueSpecification\",\"valueRequired\":true,\"valueName\":\"search_term_string\"}}],\"inLanguage\":\"de\"},{\"@type\":\"Organization\",\"@id\":\"https:\\\/\\\/reden.solar\\\/de\\\/#organization\",\"name\":\"REDEN\",\"url\":\"https:\\\/\\\/reden.solar\\\/de\\\/\",\"logo\":{\"@type\":\"ImageObject\",\"inLanguage\":\"de\",\"@id\":\"https:\\\/\\\/reden.solar\\\/de\\\/#\\\/schema\\\/logo\\\/image\\\/\",\"url\":\"https:\\\/\\\/reden.solar\\\/wp-content\\\/uploads\\\/2025\\\/01\\\/cropped-reden-quadri.png\",\"contentUrl\":\"https:\\\/\\\/reden.solar\\\/wp-content\\\/uploads\\\/2025\\\/01\\\/cropped-reden-quadri.png\",\"width\":2399,\"height\":850,\"caption\":\"REDEN\"},\"image\":{\"@id\":\"https:\\\/\\\/reden.solar\\\/de\\\/#\\\/schema\\\/logo\\\/image\\\/\"},\"sameAs\":[\"https:\\\/\\\/www.linkedin.com\\\/company\\\/redensolar\\\/mycompany\\\/\",\"https:\\\/\\\/vimeo.com\\\/redensolar\"]}]}<\/script>\n<!-- \/ Yoast SEO plugin. -->","yoast_head_json":{"title":"Agrivoltaik-Standorte f\u00fcr Viehzucht und Ackerbau - REDEN","robots":{"index":"index","follow":"follow","max-snippet":"max-snippet:-1","max-image-preview":"max-image-preview:large","max-video-preview":"max-video-preview:-1"},"canonical":"https:\/\/reden.solar\/de\/agrivoltaik-standorte-fuer-viehzucht-und-ackerbau\/","og_locale":"de_DE","og_type":"article","og_title":"Agrivoltaik-Standorte f\u00fcr Viehzucht und Ackerbau - REDEN","og_description":"Eine Win-Win-Partnerschaft, die das agronomische Potenzial von landwirtschaftlichen Fl\u00e4chen und den Tierschutz verbessert REDEN engagiert sich f\u00fcr die Entwicklung von Projekten mit hohem Wert f\u00fcr lokale Betreiber. Aus diesem Grund haben wir als eines der ersten Unternehmen mehrmonatige Studien zur Weidehaltung von Rindern im Umfeld von PV-Anlagen durchgef\u00fchrt: 2020: Studie mit tr\u00e4chtigen K\u00fchen in der ... Weiterlesen","og_url":"https:\/\/reden.solar\/de\/agrivoltaik-standorte-fuer-viehzucht-und-ackerbau\/","og_site_name":"REDEN","article_modified_time":"2024-07-22T13:04:37+00:00","twitter_card":"summary_large_image","twitter_misc":{"Gesch\u00e4tzte Lesezeit":"2\u00a0Minuten"},"schema":{"@context":"https:\/\/schema.org","@graph":[{"@type":"WebPage","@id":"https:\/\/reden.solar\/de\/agrivoltaik-standorte-fuer-viehzucht-und-ackerbau\/","url":"https:\/\/reden.solar\/de\/agrivoltaik-standorte-fuer-viehzucht-und-ackerbau\/","name":"Agrivoltaik-Standorte f\u00fcr Viehzucht und Ackerbau - REDEN","isPartOf":{"@id":"https:\/\/reden.solar\/de\/#website"},"datePublished":"2024-07-22T13:04:11+00:00","dateModified":"2024-07-22T13:04:37+00:00","breadcrumb":{"@id":"https:\/\/reden.solar\/de\/agrivoltaik-standorte-fuer-viehzucht-und-ackerbau\/#breadcrumb"},"inLanguage":"de","potentialAction":[{"@type":"ReadAction","target":["https:\/\/reden.solar\/de\/agrivoltaik-standorte-fuer-viehzucht-und-ackerbau\/"]}]},{"@type":"BreadcrumbList","@id":"https:\/\/reden.solar\/de\/agrivoltaik-standorte-fuer-viehzucht-und-ackerbau\/#breadcrumb","itemListElement":[{"@type":"ListItem","position":1,"name":"Accueil","item":"https:\/\/reden.solar\/de\/"},{"@type":"ListItem","position":2,"name":"Agrivoltaik-Standorte f\u00fcr Viehzucht und Ackerbau"}]},{"@type":"WebSite","@id":"https:\/\/reden.solar\/de\/#website","url":"https:\/\/reden.solar\/de\/","name":"REDEN","description":"Sp\u00e9cialiste de la production d\u2019\u00e9lectricit\u00e9 photovolta\u00efque et du stockage d&#039;\u00e9nergie","publisher":{"@id":"https:\/\/reden.solar\/de\/#organization"},"potentialAction":[{"@type":"SearchAction","target":{"@type":"EntryPoint","urlTemplate":"https:\/\/reden.solar\/de\/?s={search_term_string}"},"query-input":{"@type":"PropertyValueSpecification","valueRequired":true,"valueName":"search_term_string"}}],"inLanguage":"de"},{"@type":"Organization","@id":"https:\/\/reden.solar\/de\/#organization","name":"REDEN","url":"https:\/\/reden.solar\/de\/","logo":{"@type":"ImageObject","inLanguage":"de","@id":"https:\/\/reden.solar\/de\/#\/schema\/logo\/image\/","url":"https:\/\/reden.solar\/wp-content\/uploads\/2025\/01\/cropped-reden-quadri.png","contentUrl":"https:\/\/reden.solar\/wp-content\/uploads\/2025\/01\/cropped-reden-quadri.png","width":2399,"height":850,"caption":"REDEN"},"image":{"@id":"https:\/\/reden.solar\/de\/#\/schema\/logo\/image\/"},"sameAs":["https:\/\/www.linkedin.com\/company\/redensolar\/mycompany\/","https:\/\/vimeo.com\/redensolar"]}]}},"_links":{"self":[{"href":"https:\/\/reden.solar\/de\/wp-json\/wp\/v2\/pages\/32541","targetHints":{"allow":["GET"]}}],"collection":[{"href":"https:\/\/reden.solar\/de\/wp-json\/wp\/v2\/pages"}],"about":[{"href":"https:\/\/reden.solar\/de\/wp-json\/wp\/v2\/types\/page"}],"author":[{"embeddable":true,"href":"https:\/\/reden.solar\/de\/wp-json\/wp\/v2\/users\/5"}],"replies":[{"embeddable":true,"href":"https:\/\/reden.solar\/de\/wp-json\/wp\/v2\/comments?post=32541"}],"version-history":[{"count":1,"href":"https:\/\/reden.solar\/de\/wp-json\/wp\/v2\/pages\/32541\/revisions"}],"predecessor-version":[{"id":32542,"href":"https:\/\/reden.solar\/de\/wp-json\/wp\/v2\/pages\/32541\/revisions\/32542"}],"wp:attachment":[{"href":"https:\/\/reden.solar\/de\/wp-json\/wp\/v2\/media?parent=32541"}],"curies":[{"name":"wp","href":"https:\/\/api.w.org\/{rel}","templated":true}]}}