{"id":32554,"date":"2024-07-22T17:00:39","date_gmt":"2024-07-22T15:00:39","guid":{"rendered":"https:\/\/reden.solar\/cookie-richtlinie\/"},"modified":"2024-07-22T17:00:49","modified_gmt":"2024-07-22T15:00:49","slug":"cookie-richtlinie","status":"publish","type":"page","link":"https:\/\/reden.solar\/de\/cookie-richtlinie\/","title":{"rendered":"Cookie-Richtlinie"},"content":{"rendered":"<p><strong>Die Verwendung von Cookies<\/strong><\/p>\n<p>Die Website enth\u00e4lt Cookies, die f\u00fcr die unten beschriebenen Zwecke verwendet werden.<\/p>\n<p>Was ist ein Cookie und wof\u00fcr wird es verwendet?<br \/>\nEin Cookie ist eine Information, die vom Server der Website, die Sie besuchen, auf Ihrer Festplatte gespeichert wird.<\/p>\n<p>Es enth\u00e4lt mehrere Daten:<\/p>\n<ul>\n<li>Namen des Servers, der es hinterlegt hat;<\/li>\n<li>Benutzernamen in Form einer eindeutigen Nummer;<\/li>\n<li>M\u00f6glicherweise ein Verfallsdatum.<\/li>\n<\/ul>\n<p>Cookies helfen dabei, das Browsererlebnis auf Websites zu verbessern. REDEN SOLAR bewahrt sie f\u00fcr einen Monat auf.<\/p>\n<p>Mit den von der Website gesendeten Cookies k\u00f6nnen wir:<\/p>\n<ul>\n<li>Statistiken \u00fcber die Besuche und die Nutzung der verschiedenen Komponenten der Website (aufgerufene Abschnitte und Inhalte, Bewegung) erstellen, um die Ausrichtung und die Bedienungsfreundlichkeit unserer Dienste zu verbessern;<\/li>\n<li>die Darstellung der Website w\u00e4hrend Ihrer Besuche auf unserer Website an die Anzeigepr\u00e4ferenzen Ihres Endger\u00e4ts (Sprache, Bildschirmaufl\u00f6sung, verwendetes Betriebssystem usw.) anpassen, abh\u00e4ngig von der Hardware und Software zum Betrachten oder Lesen, die Ihr Endger\u00e4t enth\u00e4lt;<\/li>\n<li>Sicherheitsma\u00dfnahmen durchf\u00fchren, z.\u00a0B. wenn Sie aufgefordert werden, nach einer bestimmten Zeit wieder eine Verbindung zu Inhalten oder einem Dienst herzustellen.<\/li>\n<\/ul>\n<p>Sie haben die M\u00f6glichkeit, Cookies auf allen von Ihnen besuchten Websites zu blockieren.<br \/>\nWichtig: Wenn Sie Cookies l\u00f6schen, werden die gespeicherten Einstellungen f\u00fcr die von Ihnen zuvor besuchten Websites gel\u00f6scht.<\/p>\n","protected":false},"excerpt":{"rendered":"<p>Die Verwendung von Cookies Die Website enth\u00e4lt Cookies, die f\u00fcr die unten beschriebenen Zwecke verwendet werden. Was ist ein Cookie und wof\u00fcr wird es verwendet? Ein Cookie ist eine Information, die vom Server der Website, die Sie besuchen, auf Ihrer Festplatte gespeichert wird. Es enth\u00e4lt mehrere Daten: Namen des Servers, der es hinterlegt hat; Benutzernamen &#8230; <a title=\"Cookie-Richtlinie\" class=\"read-more\" href=\"https:\/\/reden.solar\/de\/cookie-richtlinie\/\" aria-label=\"Mehr Informationen \u00fcber Cookie-Richtlinie\">Weiterlesen<\/a><\/p>\n","protected":false},"author":3,"featured_media":0,"parent":0,"menu_order":0,"comment_status":"closed","ping_status":"closed","template":"","meta":{"inline_featured_image":false,"footnotes":""},"class_list":["post-32554","page","type-page","status-publish"],"yoast_head":"<!-- This site is optimized with the Yoast SEO plugin v27.3 - https:\/\/yoast.com\/product\/yoast-seo-wordpress\/ -->\n<title>Cookie-Richtlinie - REDEN<\/title>\n<meta name=\"robots\" content=\"index, follow, max-snippet:-1, max-image-preview:large, max-video-preview:-1\" \/>\n<link rel=\"canonical\" href=\"https:\/\/reden.solar\/de\/cookie-richtlinie\/\" \/>\n<meta property=\"og:locale\" content=\"de_DE\" \/>\n<meta property=\"og:type\" content=\"article\" \/>\n<meta property=\"og:title\" content=\"Cookie-Richtlinie - REDEN\" \/>\n<meta property=\"og:description\" content=\"Die Verwendung von Cookies Die Website enth\u00e4lt Cookies, die f\u00fcr die unten beschriebenen Zwecke verwendet werden. Was ist ein Cookie und wof\u00fcr wird es verwendet? Ein Cookie ist eine Information, die vom Server der Website, die Sie besuchen, auf Ihrer Festplatte gespeichert wird. Es enth\u00e4lt mehrere Daten: Namen des Servers, der es hinterlegt hat; Benutzernamen ... Weiterlesen\" \/>\n<meta property=\"og:url\" content=\"https:\/\/reden.solar\/de\/cookie-richtlinie\/\" \/>\n<meta property=\"og:site_name\" content=\"REDEN\" \/>\n<meta property=\"article:modified_time\" content=\"2024-07-22T15:00:49+00:00\" \/>\n<meta name=\"twitter:card\" content=\"summary_large_image\" \/>\n<meta name=\"twitter:label1\" content=\"Gesch\u00e4tzte Lesezeit\" \/>\n\t<meta name=\"twitter:data1\" content=\"1\u00a0Minute\" \/>\n<script type=\"application\/ld+json\" class=\"yoast-schema-graph\">{\"@context\":\"https:\\\/\\\/schema.org\",\"@graph\":[{\"@type\":\"WebPage\",\"@id\":\"https:\\\/\\\/reden.solar\\\/de\\\/cookie-richtlinie\\\/\",\"url\":\"https:\\\/\\\/reden.solar\\\/de\\\/cookie-richtlinie\\\/\",\"name\":\"Cookie-Richtlinie - REDEN\",\"isPartOf\":{\"@id\":\"https:\\\/\\\/reden.solar\\\/de\\\/#website\"},\"datePublished\":\"2024-07-22T15:00:39+00:00\",\"dateModified\":\"2024-07-22T15:00:49+00:00\",\"breadcrumb\":{\"@id\":\"https:\\\/\\\/reden.solar\\\/de\\\/cookie-richtlinie\\\/#breadcrumb\"},\"inLanguage\":\"de\",\"potentialAction\":[{\"@type\":\"ReadAction\",\"target\":[\"https:\\\/\\\/reden.solar\\\/de\\\/cookie-richtlinie\\\/\"]}]},{\"@type\":\"BreadcrumbList\",\"@id\":\"https:\\\/\\\/reden.solar\\\/de\\\/cookie-richtlinie\\\/#breadcrumb\",\"itemListElement\":[{\"@type\":\"ListItem\",\"position\":1,\"name\":\"Accueil\",\"item\":\"https:\\\/\\\/reden.solar\\\/de\\\/\"},{\"@type\":\"ListItem\",\"position\":2,\"name\":\"Cookie-Richtlinie\"}]},{\"@type\":\"WebSite\",\"@id\":\"https:\\\/\\\/reden.solar\\\/de\\\/#website\",\"url\":\"https:\\\/\\\/reden.solar\\\/de\\\/\",\"name\":\"REDEN\",\"description\":\"Sp\u00e9cialiste de la production d\u2019\u00e9lectricit\u00e9 photovolta\u00efque et du stockage d&#039;\u00e9nergie\",\"publisher\":{\"@id\":\"https:\\\/\\\/reden.solar\\\/de\\\/#organization\"},\"potentialAction\":[{\"@type\":\"SearchAction\",\"target\":{\"@type\":\"EntryPoint\",\"urlTemplate\":\"https:\\\/\\\/reden.solar\\\/de\\\/?s={search_term_string}\"},\"query-input\":{\"@type\":\"PropertyValueSpecification\",\"valueRequired\":true,\"valueName\":\"search_term_string\"}}],\"inLanguage\":\"de\"},{\"@type\":\"Organization\",\"@id\":\"https:\\\/\\\/reden.solar\\\/de\\\/#organization\",\"name\":\"REDEN\",\"url\":\"https:\\\/\\\/reden.solar\\\/de\\\/\",\"logo\":{\"@type\":\"ImageObject\",\"inLanguage\":\"de\",\"@id\":\"https:\\\/\\\/reden.solar\\\/de\\\/#\\\/schema\\\/logo\\\/image\\\/\",\"url\":\"https:\\\/\\\/reden.solar\\\/wp-content\\\/uploads\\\/2025\\\/01\\\/cropped-reden-quadri.png\",\"contentUrl\":\"https:\\\/\\\/reden.solar\\\/wp-content\\\/uploads\\\/2025\\\/01\\\/cropped-reden-quadri.png\",\"width\":2399,\"height\":850,\"caption\":\"REDEN\"},\"image\":{\"@id\":\"https:\\\/\\\/reden.solar\\\/de\\\/#\\\/schema\\\/logo\\\/image\\\/\"},\"sameAs\":[\"https:\\\/\\\/www.linkedin.com\\\/company\\\/redensolar\\\/mycompany\\\/\",\"https:\\\/\\\/vimeo.com\\\/redensolar\"]}]}<\/script>\n<!-- \/ Yoast SEO plugin. -->","yoast_head_json":{"title":"Cookie-Richtlinie - REDEN","robots":{"index":"index","follow":"follow","max-snippet":"max-snippet:-1","max-image-preview":"max-image-preview:large","max-video-preview":"max-video-preview:-1"},"canonical":"https:\/\/reden.solar\/de\/cookie-richtlinie\/","og_locale":"de_DE","og_type":"article","og_title":"Cookie-Richtlinie - REDEN","og_description":"Die Verwendung von Cookies Die Website enth\u00e4lt Cookies, die f\u00fcr die unten beschriebenen Zwecke verwendet werden. Was ist ein Cookie und wof\u00fcr wird es verwendet? Ein Cookie ist eine Information, die vom Server der Website, die Sie besuchen, auf Ihrer Festplatte gespeichert wird. Es enth\u00e4lt mehrere Daten: Namen des Servers, der es hinterlegt hat; Benutzernamen ... Weiterlesen","og_url":"https:\/\/reden.solar\/de\/cookie-richtlinie\/","og_site_name":"REDEN","article_modified_time":"2024-07-22T15:00:49+00:00","twitter_card":"summary_large_image","twitter_misc":{"Gesch\u00e4tzte Lesezeit":"1\u00a0Minute"},"schema":{"@context":"https:\/\/schema.org","@graph":[{"@type":"WebPage","@id":"https:\/\/reden.solar\/de\/cookie-richtlinie\/","url":"https:\/\/reden.solar\/de\/cookie-richtlinie\/","name":"Cookie-Richtlinie - REDEN","isPartOf":{"@id":"https:\/\/reden.solar\/de\/#website"},"datePublished":"2024-07-22T15:00:39+00:00","dateModified":"2024-07-22T15:00:49+00:00","breadcrumb":{"@id":"https:\/\/reden.solar\/de\/cookie-richtlinie\/#breadcrumb"},"inLanguage":"de","potentialAction":[{"@type":"ReadAction","target":["https:\/\/reden.solar\/de\/cookie-richtlinie\/"]}]},{"@type":"BreadcrumbList","@id":"https:\/\/reden.solar\/de\/cookie-richtlinie\/#breadcrumb","itemListElement":[{"@type":"ListItem","position":1,"name":"Accueil","item":"https:\/\/reden.solar\/de\/"},{"@type":"ListItem","position":2,"name":"Cookie-Richtlinie"}]},{"@type":"WebSite","@id":"https:\/\/reden.solar\/de\/#website","url":"https:\/\/reden.solar\/de\/","name":"REDEN","description":"Sp\u00e9cialiste de la production d\u2019\u00e9lectricit\u00e9 photovolta\u00efque et du stockage d&#039;\u00e9nergie","publisher":{"@id":"https:\/\/reden.solar\/de\/#organization"},"potentialAction":[{"@type":"SearchAction","target":{"@type":"EntryPoint","urlTemplate":"https:\/\/reden.solar\/de\/?s={search_term_string}"},"query-input":{"@type":"PropertyValueSpecification","valueRequired":true,"valueName":"search_term_string"}}],"inLanguage":"de"},{"@type":"Organization","@id":"https:\/\/reden.solar\/de\/#organization","name":"REDEN","url":"https:\/\/reden.solar\/de\/","logo":{"@type":"ImageObject","inLanguage":"de","@id":"https:\/\/reden.solar\/de\/#\/schema\/logo\/image\/","url":"https:\/\/reden.solar\/wp-content\/uploads\/2025\/01\/cropped-reden-quadri.png","contentUrl":"https:\/\/reden.solar\/wp-content\/uploads\/2025\/01\/cropped-reden-quadri.png","width":2399,"height":850,"caption":"REDEN"},"image":{"@id":"https:\/\/reden.solar\/de\/#\/schema\/logo\/image\/"},"sameAs":["https:\/\/www.linkedin.com\/company\/redensolar\/mycompany\/","https:\/\/vimeo.com\/redensolar"]}]}},"_links":{"self":[{"href":"https:\/\/reden.solar\/de\/wp-json\/wp\/v2\/pages\/32554","targetHints":{"allow":["GET"]}}],"collection":[{"href":"https:\/\/reden.solar\/de\/wp-json\/wp\/v2\/pages"}],"about":[{"href":"https:\/\/reden.solar\/de\/wp-json\/wp\/v2\/types\/page"}],"author":[{"embeddable":true,"href":"https:\/\/reden.solar\/de\/wp-json\/wp\/v2\/users\/3"}],"replies":[{"embeddable":true,"href":"https:\/\/reden.solar\/de\/wp-json\/wp\/v2\/comments?post=32554"}],"version-history":[{"count":1,"href":"https:\/\/reden.solar\/de\/wp-json\/wp\/v2\/pages\/32554\/revisions"}],"predecessor-version":[{"id":32555,"href":"https:\/\/reden.solar\/de\/wp-json\/wp\/v2\/pages\/32554\/revisions\/32555"}],"wp:attachment":[{"href":"https:\/\/reden.solar\/de\/wp-json\/wp\/v2\/media?parent=32554"}],"curies":[{"name":"wp","href":"https:\/\/api.w.org\/{rel}","templated":true}]}}