{"id":32647,"date":"2024-07-23T09:34:50","date_gmt":"2024-07-23T07:34:50","guid":{"rendered":"https:\/\/reden.solar\/unsere-arbeitsweise\/administration-und-finanzierung\/"},"modified":"2024-07-23T14:34:32","modified_gmt":"2024-07-23T12:34:32","slug":"administration-und-finanzierung","status":"publish","type":"page","link":"https:\/\/reden.solar\/de\/unsere-arbeitsweise\/administration-und-finanzierung\/","title":{"rendered":"Administration und Finanzierung"},"content":{"rendered":"\t\t<div data-elementor-type=\"wp-page\" data-elementor-id=\"32647\" class=\"elementor elementor-32647 elementor-461\" data-elementor-post-type=\"page\">\n\t\t\t\t\t\t<section class=\"elementor-section elementor-top-section elementor-element elementor-element-80fbe99 elementor-section-height-min-height elementor-section-items-stretch elementor-section-stretched elementor-section-boxed elementor-section-height-default\" data-id=\"80fbe99\" data-element_type=\"section\" data-e-type=\"section\" data-settings=\"{&quot;stretch_section&quot;:&quot;section-stretched&quot;,&quot;background_background&quot;:&quot;classic&quot;}\">\n\t\t\t\t\t\t<div class=\"elementor-container elementor-column-gap-default\">\n\t\t\t\t\t<div class=\"elementor-column elementor-col-100 elementor-top-column elementor-element elementor-element-c2ffe41\" data-id=\"c2ffe41\" data-element_type=\"column\" data-e-type=\"column\">\n\t\t\t<div class=\"elementor-widget-wrap elementor-element-populated\">\n\t\t\t\t\t\t<section class=\"elementor-section elementor-inner-section elementor-element elementor-element-31a326e elementor-section-height-min-height elementor-reverse-mobile elementor-section-boxed elementor-section-height-default\" data-id=\"31a326e\" data-element_type=\"section\" data-e-type=\"section\">\n\t\t\t\t\t\t<div class=\"elementor-container elementor-column-gap-default\">\n\t\t\t\t\t<div class=\"elementor-column elementor-col-50 elementor-inner-column elementor-element elementor-element-3aeaad9\" data-id=\"3aeaad9\" data-element_type=\"column\" data-e-type=\"column\" data-settings=\"{&quot;background_background&quot;:&quot;classic&quot;}\">\n\t\t\t<div class=\"elementor-widget-wrap elementor-element-populated\">\n\t\t\t\t\t\t<div class=\"elementor-element elementor-element-39ed706 elementor-widget elementor-widget-heading\" data-id=\"39ed706\" data-element_type=\"widget\" data-e-type=\"widget\" data-widget_type=\"heading.default\">\n\t\t\t\t<div class=\"elementor-widget-container\">\n\t\t\t\t\t<div class=\"elementor-heading-title elementor-size-default\">UNSERE ARBEITSWEISE<\/div>\t\t\t\t<\/div>\n\t\t\t\t<\/div>\n\t\t\t\t<div class=\"elementor-element elementor-element-75dc04e elementor-widget elementor-widget-heading\" data-id=\"75dc04e\" data-element_type=\"widget\" data-e-type=\"widget\" data-widget_type=\"heading.default\">\n\t\t\t\t<div class=\"elementor-widget-container\">\n\t\t\t\t\t<h1 class=\"elementor-heading-title elementor-size-default\">Administration und Finanzierung<\/h1>\t\t\t\t<\/div>\n\t\t\t\t<\/div>\n\t\t\t\t\t<\/div>\n\t\t<\/div>\n\t\t\t\t<div class=\"elementor-column elementor-col-50 elementor-inner-column elementor-element elementor-element-f6f3d77\" data-id=\"f6f3d77\" data-element_type=\"column\" data-e-type=\"column\">\n\t\t\t<div class=\"elementor-widget-wrap elementor-element-populated\">\n\t\t\t\t\t\t<div class=\"elementor-element elementor-element-12efb92 elementor-widget elementor-widget-spacer\" data-id=\"12efb92\" data-element_type=\"widget\" data-e-type=\"widget\" data-widget_type=\"spacer.default\">\n\t\t\t\t<div class=\"elementor-widget-container\">\n\t\t\t\t\t\t\t<div class=\"elementor-spacer\">\n\t\t\t<div class=\"elementor-spacer-inner\"><\/div>\n\t\t<\/div>\n\t\t\t\t\t\t<\/div>\n\t\t\t\t<\/div>\n\t\t\t\t\t<\/div>\n\t\t<\/div>\n\t\t\t\t\t<\/div>\n\t\t<\/section>\n\t\t\t\t\t<\/div>\n\t\t<\/div>\n\t\t\t\t\t<\/div>\n\t\t<\/section>\n\t\t\t\t<section class=\"elementor-section elementor-top-section elementor-element elementor-element-2de7db3a txt-intro elementor-section-boxed elementor-section-height-default elementor-section-height-default\" data-id=\"2de7db3a\" data-element_type=\"section\" data-e-type=\"section\">\n\t\t\t\t\t\t<div class=\"elementor-container elementor-column-gap-no\">\n\t\t\t\t\t<div class=\"elementor-column elementor-col-100 elementor-top-column elementor-element elementor-element-2b6ad140\" data-id=\"2b6ad140\" data-element_type=\"column\" data-e-type=\"column\">\n\t\t\t<div class=\"elementor-widget-wrap elementor-element-populated\">\n\t\t\t\t\t\t<div class=\"elementor-element elementor-element-34335c7 elementor-widget elementor-widget-text-editor\" data-id=\"34335c7\" data-element_type=\"widget\" data-e-type=\"widget\" data-widget_type=\"text-editor.default\">\n\t\t\t\t<div class=\"elementor-widget-container\">\n\t\t\t\t\t\t\t\t\t<h2>Vollst\u00e4ndig integrierte Administration<\/h2>\n\t\t\t\t\t\t\t\t<\/div>\n\t\t\t\t<\/div>\n\t\t\t\t\t<\/div>\n\t\t<\/div>\n\t\t\t\t\t<\/div>\n\t\t<\/section>\n\t\t\t\t<section class=\"elementor-section elementor-top-section elementor-element elementor-element-548a276f txt-aparte elementor-section-stretched elementor-section-boxed elementor-section-height-default elementor-section-height-default\" data-id=\"548a276f\" data-element_type=\"section\" data-e-type=\"section\" data-settings=\"{&quot;stretch_section&quot;:&quot;section-stretched&quot;}\">\n\t\t\t\t\t\t<div class=\"elementor-container elementor-column-gap-no\">\n\t\t\t\t\t<div class=\"elementor-column elementor-col-100 elementor-top-column elementor-element elementor-element-406c411e\" data-id=\"406c411e\" data-element_type=\"column\" data-e-type=\"column\">\n\t\t\t<div class=\"elementor-widget-wrap elementor-element-populated\">\n\t\t\t\t\t\t<div class=\"elementor-element elementor-element-454d13ff block-txt-aparte elementor-widget elementor-widget-text-editor\" data-id=\"454d13ff\" data-element_type=\"widget\" data-e-type=\"widget\" data-widget_type=\"text-editor.default\">\n\t\t\t\t<div class=\"elementor-widget-container\">\n\t\t\t\t\t\t\t\t\t<p>REDEN \u00fcbernimmt die Abwicklung aller administrativen Aufgaben, sobald ein Projekt durch eine Kauf- oder Pachtzusage best\u00e4tigt wurde. Dazu geh\u00f6ren der Bauantrag, die Organisation des Netzanschlusses und die Verhandlungen rund um die Einspeiseverg\u00fctung.<\/p><p>\u00a0<\/p><p>Als unabh\u00e4ngiger Stromerzeuger (Independent Power Producer, IPP) investieren wir in unsere eigenen Photovoltaikanlagen und finanzieren sie.<\/p><p>\u00a0<\/p><p>Die REDEN-Gruppe verfolgt zudem auch eine diversifizierte Asset-Management-Strategie, um unserem Wachstum und dem damit verbundenen Finanzierungsbedarf gerecht zu werden. In diesem Zusammenhang verpflichtet wir uns dazu, einen Minderheitsanteil unserer Anlagen zu verkaufen.<\/p>\t\t\t\t\t\t\t\t<\/div>\n\t\t\t\t<\/div>\n\t\t\t\t\t<\/div>\n\t\t<\/div>\n\t\t\t\t\t<\/div>\n\t\t<\/section>\n\t\t\t\t<section class=\"elementor-section elementor-top-section elementor-element elementor-element-e8aae8a elementor-section-stretched elementor-section-boxed elementor-section-height-default elementor-section-height-default\" data-id=\"e8aae8a\" data-element_type=\"section\" data-e-type=\"section\" data-settings=\"{&quot;stretch_section&quot;:&quot;section-stretched&quot;}\">\n\t\t\t\t\t\t<div class=\"elementor-container elementor-column-gap-no\">\n\t\t\t\t\t<div class=\"elementor-column elementor-col-100 elementor-top-column elementor-element elementor-element-2cdd80e\" data-id=\"2cdd80e\" data-element_type=\"column\" data-e-type=\"column\">\n\t\t\t<div class=\"elementor-widget-wrap elementor-element-populated\">\n\t\t\t\t\t\t<div class=\"elementor-element elementor-element-13c6334 elementor-widget elementor-widget-image\" data-id=\"13c6334\" data-element_type=\"widget\" data-e-type=\"widget\" data-widget_type=\"image.default\">\n\t\t\t\t<div class=\"elementor-widget-container\">\n\t\t\t\t\t\t\t\t\t\t\t\t\t\t\t<img fetchpriority=\"high\" decoding=\"async\" width=\"1111\" height=\"480\" src=\"https:\/\/reden.solar\/wp-content\/uploads\/2023\/07\/bandeau-investissement-participatif-1-min-1.webp\" class=\"attachment-full size-full wp-image-22866\" alt=\"\" srcset=\"https:\/\/reden.solar\/wp-content\/uploads\/2023\/07\/bandeau-investissement-participatif-1-min-1.webp 1111w, https:\/\/reden.solar\/wp-content\/uploads\/2023\/07\/bandeau-investissement-participatif-1-min-1-300x130.webp 300w, https:\/\/reden.solar\/wp-content\/uploads\/2023\/07\/bandeau-investissement-participatif-1-min-1-1024x442.webp 1024w, https:\/\/reden.solar\/wp-content\/uploads\/2023\/07\/bandeau-investissement-participatif-1-min-1-768x332.webp 768w\" sizes=\"(max-width: 1111px) 100vw, 1111px\" \/>\t\t\t\t\t\t\t\t\t\t\t\t\t\t\t<\/div>\n\t\t\t\t<\/div>\n\t\t\t\t\t<\/div>\n\t\t<\/div>\n\t\t\t\t\t<\/div>\n\t\t<\/section>\n\t\t\t\t<section class=\"elementor-section elementor-top-section elementor-element elementor-element-9423a61 elementor-section-stretched elementor-section-boxed elementor-section-height-default elementor-section-height-default\" data-id=\"9423a61\" data-element_type=\"section\" data-e-type=\"section\" data-settings=\"{&quot;stretch_section&quot;:&quot;section-stretched&quot;,&quot;background_background&quot;:&quot;classic&quot;}\">\n\t\t\t\t\t\t<div class=\"elementor-container elementor-column-gap-no\">\n\t\t\t\t\t<div class=\"elementor-column elementor-col-100 elementor-top-column elementor-element elementor-element-3b2770a3\" data-id=\"3b2770a3\" data-element_type=\"column\" data-e-type=\"column\">\n\t\t\t<div class=\"elementor-widget-wrap elementor-element-populated\">\n\t\t\t\t\t\t<div class=\"elementor-element elementor-element-8f45220 elementor-widget elementor-widget-heading\" data-id=\"8f45220\" data-element_type=\"widget\" data-e-type=\"widget\" data-widget_type=\"heading.default\">\n\t\t\t\t<div class=\"elementor-widget-container\">\n\t\t\t\t\t<h3 class=\"elementor-heading-title elementor-size-default\">UNSER GLOBALER ANSATZ<\/h3>\t\t\t\t<\/div>\n\t\t\t\t<\/div>\n\t\t\t\t<div class=\"elementor-element elementor-element-595a6b8 content-expertises elementor-widget elementor-widget-global elementor-global-33273 elementor-widget-html\" data-id=\"595a6b8\" data-element_type=\"widget\" data-e-type=\"widget\" data-widget_type=\"html.default\">\n\t\t\t\t<div class=\"elementor-widget-container\">\n\t\t\t\t\t<div class=\"nos-expertises\">\n    <ul class=\"txt-expert\">\n        <li class=\"item1\">\n            <a class=\"picto-mobile\" href=\"\/de\/unsere-arbeitsweise\/akquisitionen\/\" title=\"Akquisitionen\">\n                <img decoding=\"async\" src=\"\/wp-content\/uploads\/2020\/03\/Picto-aquisition.svg\" width=\"45\" alt=\"Picto Acquisitions\" \/>\n            <\/a>\n            <a href=\"\/de\/unsere-arbeitsweise\/akquisitionen\/\" title=\"Akquisitionen\">\n                Akquisitionen\n            <\/a>\n        <\/li>\n        <li class=\"item2\">\n            <a class=\"picto-mobile\" href=\"\/de\/unsere-arbeitsweise\/entwicklung-und-design\/\" title=\"Entwicklung und Design\">\n                <img decoding=\"async\" src=\"\/wp-content\/uploads\/2020\/03\/Picto-dev-et-concep.svg\" width=\"70\" alt=\"Picto d\u00e9veloppement et conception\" \/>\n            <\/a>\n            <a href=\"\/de\/unsere-arbeitsweise\/entwicklung-und-design\/\" title=\"Entwicklung und Design\">\n                Entwicklung<br>und Design \n            <\/a>\n        <\/li>\n        <li class=\"item3\">\n            <a class=\"picto-mobile\" href=\"\/de\/unsere-arbeitsweise\/projektmanagement-betrieb-und-instandhaltung\/\" title=\"Projektmanagement, Betrieb und Instandhaltung\">\n                <img decoding=\"async\" src=\"\/wp-content\/uploads\/2020\/03\/Picto-Maintenance.svg\" width=\"50\" alt=\"Picto ma\u00eetrise d\u2019ouvrage\" \/>\n            <\/a>\n            <a href=\"\/de\/unsere-arbeitsweise\/projektmanagement-betrieb-und-instandhaltung\/\" title=\"Projektmanagement, Betrieb und Instandhaltung\">\n                Projektmanagement, Betrieb und Instandhaltung\n            <\/a>\n            <\/li>\n        <li class=\"item4\">\n            <a class=\"picto-mobile\" href=\"\/de\/unsere-arbeitsweise\/herstellung-von-photovoltaik-penels\/\" title=\"Herstellung von Photovoltaik-Penels\">\n                <img decoding=\"async\" src=\"\/wp-content\/uploads\/2020\/03\/Picto-fab-des-modules.svg\" width=\"65\" alt=\"Picto fabrication des modules\" \/>\n            <\/a>\n            <a href=\"\/de\/unsere-arbeitsweise\/herstellung-von-photovoltaik-penels\/\" title=\"Herstellung von Photovoltaik-Penels\">\n                Herstellung von Photovoltaik-Penels\n            <\/a>\n        <\/li>\n        <li class=\"item5\">\n            <a class=\"picto-mobile\" href=\"\/de\/unsere-arbeitsweise\/administration-und-finanzierung\/\" title=\"Administration und Finanzierung\">\n                <img decoding=\"async\" src=\"\/wp-content\/uploads\/2020\/03\/Picto-financement.svg\" width=\"65\" alt=\"Picto financement\" \/>\n            <\/a>\n            <a href=\"\/de\/unsere-arbeitsweise\/administration-und-finanzierung\/\" title=\"Administration und Finanzierung\">\n                Administration und Finanzierung\n            <\/a>\n        <\/li>\n    <\/ul>\n    <ul class=\"liste-pictos\">\n        <li class=\"picto1 active-show-picto\">\n            <a href=\"\/notre-demarche\/acquisition\" title=\"Acquisitions\">\n                <img decoding=\"async\" src=\"\/wp-content\/uploads\/2020\/03\/Picto-aquisition.svg\" width=\"77\" alt=\"Picto Acquisitions\" \/>\n            <\/a>\n        <\/li>\n        <li class=\"picto2\">\n            <a href=\"\/notre-demarche\/developpement-et-conception\" title=\"D\u00e9veloppement et conception\">\n                <img decoding=\"async\" src=\"\/wp-content\/uploads\/2020\/03\/Picto-dev-et-concep.svg\" width=\"125\" alt=\"Picto d\u00e9veloppement et conception\" \/>\n            <\/a>\n        <\/li>\n        <li class=\"picto3\">\n            <a href=\"\/notre-demarche\/maitrise-d-ouvrage-exploitation-et-maintenance\" title=\"Ma\u00eetrise d\u2019ouvrage exploitation et maintenance\">\n                <img decoding=\"async\" src=\"\/wp-content\/uploads\/2020\/03\/Picto-Maintenance.svg\" width=\"90\" alt=\"Picto ma\u00eetrise d\u2019ouvrage\" \/>\n            <\/a>\n        <\/li>\n        <li class=\"picto4\">\n            <a href=\"\/notre-demarche\/fabrication-des-modules-photovoltaiques\" title=\"Fabrication des modules photovolta\u00efques\">\n                <img decoding=\"async\" src=\"\/wp-content\/uploads\/2020\/03\/Picto-fab-des-modules.svg\" width=\"128\" alt=\"Picto fabrication des modules\" \/>\n            <\/a>\n        <\/li>\n        <li class=\"picto5\">\n            <a href=\"\/notre-demarche\/demarches-administratives-et-financement\" title=\"D\u00e9marches administratives et Financement\">\n                <img decoding=\"async\" src=\"\/wp-content\/uploads\/2020\/03\/Picto-financement.svg\" width=\"124\" alt=\"Picto financement\" \/>\n            <\/a>\n        <\/li>\n    <\/ul>\n    <div class=\"circle-dashed\">&nbsp;<\/div>\n<\/div>\t\t\t\t<\/div>\n\t\t\t\t<\/div>\n\t\t\t\t\t<\/div>\n\t\t<\/div>\n\t\t\t\t\t<\/div>\n\t\t<\/section>\n\t\t\t\t<\/div>\n\t\t","protected":false},"excerpt":{"rendered":"<p>UNSERE ARBEITSWEISE Vollst\u00e4ndig integrierte Administration REDEN \u00fcbernimmt die Abwicklung aller administrativen Aufgaben, sobald ein Projekt durch eine Kauf- oder Pachtzusage best\u00e4tigt wurde. Dazu geh\u00f6ren der Bauantrag, die Organisation des Netzanschlusses und die Verhandlungen rund um die Einspeiseverg\u00fctung. \u00a0 Als unabh\u00e4ngiger Stromerzeuger (Independent Power Producer, IPP) investieren wir in unsere eigenen Photovoltaikanlagen und finanzieren sie. \u00a0 &#8230; <a title=\"Administration und Finanzierung\" class=\"read-more\" href=\"https:\/\/reden.solar\/de\/unsere-arbeitsweise\/administration-und-finanzierung\/\" aria-label=\"Mehr Informationen \u00fcber Administration und Finanzierung\">Weiterlesen<\/a><\/p>\n","protected":false},"author":3,"featured_media":0,"parent":32011,"menu_order":0,"comment_status":"closed","ping_status":"closed","template":"elementor_header_footer","meta":{"inline_featured_image":false,"footnotes":""},"class_list":["post-32647","page","type-page","status-publish"],"yoast_head":"<!-- This site is optimized with the Yoast SEO plugin v27.3 - https:\/\/yoast.com\/product\/yoast-seo-wordpress\/ -->\n<title>Administration und Finanzierung - REDEN<\/title>\n<meta name=\"description\" content=\"Werden Sie zum Akteur der Energiewende und beteiligen Sie sich an der Entwicklung von REDEN-Photovoltaikprojekten durch partizipative Investitionen.\" \/>\n<meta name=\"robots\" content=\"index, follow, max-snippet:-1, max-image-preview:large, max-video-preview:-1\" \/>\n<link rel=\"canonical\" href=\"https:\/\/reden.solar\/de\/unsere-arbeitsweise\/administration-und-finanzierung\/\" \/>\n<meta property=\"og:locale\" content=\"de_DE\" \/>\n<meta property=\"og:type\" content=\"article\" \/>\n<meta property=\"og:title\" content=\"Administration und Finanzierung - REDEN\" \/>\n<meta property=\"og:description\" content=\"Werden Sie zum Akteur der Energiewende und beteiligen Sie sich an der Entwicklung von REDEN-Photovoltaikprojekten durch partizipative Investitionen.\" \/>\n<meta property=\"og:url\" content=\"https:\/\/reden.solar\/de\/unsere-arbeitsweise\/administration-und-finanzierung\/\" \/>\n<meta property=\"og:site_name\" content=\"REDEN\" \/>\n<meta property=\"article:modified_time\" content=\"2024-07-23T12:34:32+00:00\" \/>\n<meta property=\"og:image\" content=\"https:\/\/reden.solar\/wp-content\/uploads\/2023\/07\/bandeau-investissement-participatif-1-min-1.webp\" \/>\n<meta name=\"twitter:card\" content=\"summary_large_image\" \/>\n<meta name=\"twitter:label1\" content=\"Gesch\u00e4tzte Lesezeit\" \/>\n\t<meta name=\"twitter:data1\" content=\"3\u00a0Minuten\" \/>\n<script type=\"application\/ld+json\" class=\"yoast-schema-graph\">{\"@context\":\"https:\\\/\\\/schema.org\",\"@graph\":[{\"@type\":\"WebPage\",\"@id\":\"https:\\\/\\\/reden.solar\\\/de\\\/unsere-arbeitsweise\\\/administration-und-finanzierung\\\/\",\"url\":\"https:\\\/\\\/reden.solar\\\/de\\\/unsere-arbeitsweise\\\/administration-und-finanzierung\\\/\",\"name\":\"Administration und Finanzierung - REDEN\",\"isPartOf\":{\"@id\":\"https:\\\/\\\/reden.solar\\\/de\\\/#website\"},\"primaryImageOfPage\":{\"@id\":\"https:\\\/\\\/reden.solar\\\/de\\\/unsere-arbeitsweise\\\/administration-und-finanzierung\\\/#primaryimage\"},\"image\":{\"@id\":\"https:\\\/\\\/reden.solar\\\/de\\\/unsere-arbeitsweise\\\/administration-und-finanzierung\\\/#primaryimage\"},\"thumbnailUrl\":\"https:\\\/\\\/reden.solar\\\/wp-content\\\/uploads\\\/2023\\\/07\\\/bandeau-investissement-participatif-1-min-1.webp\",\"datePublished\":\"2024-07-23T07:34:50+00:00\",\"dateModified\":\"2024-07-23T12:34:32+00:00\",\"description\":\"Werden Sie zum Akteur der Energiewende und beteiligen Sie sich an der Entwicklung von REDEN-Photovoltaikprojekten durch partizipative Investitionen.\",\"breadcrumb\":{\"@id\":\"https:\\\/\\\/reden.solar\\\/de\\\/unsere-arbeitsweise\\\/administration-und-finanzierung\\\/#breadcrumb\"},\"inLanguage\":\"de\",\"potentialAction\":[{\"@type\":\"ReadAction\",\"target\":[\"https:\\\/\\\/reden.solar\\\/de\\\/unsere-arbeitsweise\\\/administration-und-finanzierung\\\/\"]}]},{\"@type\":\"ImageObject\",\"inLanguage\":\"de\",\"@id\":\"https:\\\/\\\/reden.solar\\\/de\\\/unsere-arbeitsweise\\\/administration-und-finanzierung\\\/#primaryimage\",\"url\":\"https:\\\/\\\/reden.solar\\\/wp-content\\\/uploads\\\/2023\\\/07\\\/bandeau-investissement-participatif-1-min-1.webp\",\"contentUrl\":\"https:\\\/\\\/reden.solar\\\/wp-content\\\/uploads\\\/2023\\\/07\\\/bandeau-investissement-participatif-1-min-1.webp\"},{\"@type\":\"BreadcrumbList\",\"@id\":\"https:\\\/\\\/reden.solar\\\/de\\\/unsere-arbeitsweise\\\/administration-und-finanzierung\\\/#breadcrumb\",\"itemListElement\":[{\"@type\":\"ListItem\",\"position\":1,\"name\":\"Accueil\",\"item\":\"https:\\\/\\\/reden.solar\\\/de\\\/\"},{\"@type\":\"ListItem\",\"position\":2,\"name\":\"UNSERE ARBEITSWEISE\",\"item\":\"https:\\\/\\\/reden.solar\\\/de\\\/unsere-arbeitsweise\\\/\"},{\"@type\":\"ListItem\",\"position\":3,\"name\":\"Administration und Finanzierung\"}]},{\"@type\":\"WebSite\",\"@id\":\"https:\\\/\\\/reden.solar\\\/de\\\/#website\",\"url\":\"https:\\\/\\\/reden.solar\\\/de\\\/\",\"name\":\"REDEN\",\"description\":\"Sp\u00e9cialiste de la production d\u2019\u00e9lectricit\u00e9 photovolta\u00efque et du stockage d&#039;\u00e9nergie\",\"publisher\":{\"@id\":\"https:\\\/\\\/reden.solar\\\/de\\\/#organization\"},\"potentialAction\":[{\"@type\":\"SearchAction\",\"target\":{\"@type\":\"EntryPoint\",\"urlTemplate\":\"https:\\\/\\\/reden.solar\\\/de\\\/?s={search_term_string}\"},\"query-input\":{\"@type\":\"PropertyValueSpecification\",\"valueRequired\":true,\"valueName\":\"search_term_string\"}}],\"inLanguage\":\"de\"},{\"@type\":\"Organization\",\"@id\":\"https:\\\/\\\/reden.solar\\\/de\\\/#organization\",\"name\":\"REDEN\",\"url\":\"https:\\\/\\\/reden.solar\\\/de\\\/\",\"logo\":{\"@type\":\"ImageObject\",\"inLanguage\":\"de\",\"@id\":\"https:\\\/\\\/reden.solar\\\/de\\\/#\\\/schema\\\/logo\\\/image\\\/\",\"url\":\"https:\\\/\\\/reden.solar\\\/wp-content\\\/uploads\\\/2025\\\/01\\\/cropped-reden-quadri.png\",\"contentUrl\":\"https:\\\/\\\/reden.solar\\\/wp-content\\\/uploads\\\/2025\\\/01\\\/cropped-reden-quadri.png\",\"width\":2399,\"height\":850,\"caption\":\"REDEN\"},\"image\":{\"@id\":\"https:\\\/\\\/reden.solar\\\/de\\\/#\\\/schema\\\/logo\\\/image\\\/\"},\"sameAs\":[\"https:\\\/\\\/www.linkedin.com\\\/company\\\/redensolar\\\/mycompany\\\/\",\"https:\\\/\\\/vimeo.com\\\/redensolar\"]}]}<\/script>\n<!-- \/ Yoast SEO plugin. -->","yoast_head_json":{"title":"Administration und Finanzierung - REDEN","description":"Werden Sie zum Akteur der Energiewende und beteiligen Sie sich an der Entwicklung von REDEN-Photovoltaikprojekten durch partizipative Investitionen.","robots":{"index":"index","follow":"follow","max-snippet":"max-snippet:-1","max-image-preview":"max-image-preview:large","max-video-preview":"max-video-preview:-1"},"canonical":"https:\/\/reden.solar\/de\/unsere-arbeitsweise\/administration-und-finanzierung\/","og_locale":"de_DE","og_type":"article","og_title":"Administration und Finanzierung - REDEN","og_description":"Werden Sie zum Akteur der Energiewende und beteiligen Sie sich an der Entwicklung von REDEN-Photovoltaikprojekten durch partizipative Investitionen.","og_url":"https:\/\/reden.solar\/de\/unsere-arbeitsweise\/administration-und-finanzierung\/","og_site_name":"REDEN","article_modified_time":"2024-07-23T12:34:32+00:00","og_image":[{"url":"https:\/\/reden.solar\/wp-content\/uploads\/2023\/07\/bandeau-investissement-participatif-1-min-1.webp","type":"","width":"","height":""}],"twitter_card":"summary_large_image","twitter_misc":{"Gesch\u00e4tzte Lesezeit":"3\u00a0Minuten"},"schema":{"@context":"https:\/\/schema.org","@graph":[{"@type":"WebPage","@id":"https:\/\/reden.solar\/de\/unsere-arbeitsweise\/administration-und-finanzierung\/","url":"https:\/\/reden.solar\/de\/unsere-arbeitsweise\/administration-und-finanzierung\/","name":"Administration und Finanzierung - REDEN","isPartOf":{"@id":"https:\/\/reden.solar\/de\/#website"},"primaryImageOfPage":{"@id":"https:\/\/reden.solar\/de\/unsere-arbeitsweise\/administration-und-finanzierung\/#primaryimage"},"image":{"@id":"https:\/\/reden.solar\/de\/unsere-arbeitsweise\/administration-und-finanzierung\/#primaryimage"},"thumbnailUrl":"https:\/\/reden.solar\/wp-content\/uploads\/2023\/07\/bandeau-investissement-participatif-1-min-1.webp","datePublished":"2024-07-23T07:34:50+00:00","dateModified":"2024-07-23T12:34:32+00:00","description":"Werden Sie zum Akteur der Energiewende und beteiligen Sie sich an der Entwicklung von REDEN-Photovoltaikprojekten durch partizipative Investitionen.","breadcrumb":{"@id":"https:\/\/reden.solar\/de\/unsere-arbeitsweise\/administration-und-finanzierung\/#breadcrumb"},"inLanguage":"de","potentialAction":[{"@type":"ReadAction","target":["https:\/\/reden.solar\/de\/unsere-arbeitsweise\/administration-und-finanzierung\/"]}]},{"@type":"ImageObject","inLanguage":"de","@id":"https:\/\/reden.solar\/de\/unsere-arbeitsweise\/administration-und-finanzierung\/#primaryimage","url":"https:\/\/reden.solar\/wp-content\/uploads\/2023\/07\/bandeau-investissement-participatif-1-min-1.webp","contentUrl":"https:\/\/reden.solar\/wp-content\/uploads\/2023\/07\/bandeau-investissement-participatif-1-min-1.webp"},{"@type":"BreadcrumbList","@id":"https:\/\/reden.solar\/de\/unsere-arbeitsweise\/administration-und-finanzierung\/#breadcrumb","itemListElement":[{"@type":"ListItem","position":1,"name":"Accueil","item":"https:\/\/reden.solar\/de\/"},{"@type":"ListItem","position":2,"name":"UNSERE ARBEITSWEISE","item":"https:\/\/reden.solar\/de\/unsere-arbeitsweise\/"},{"@type":"ListItem","position":3,"name":"Administration und Finanzierung"}]},{"@type":"WebSite","@id":"https:\/\/reden.solar\/de\/#website","url":"https:\/\/reden.solar\/de\/","name":"REDEN","description":"Sp\u00e9cialiste de la production d\u2019\u00e9lectricit\u00e9 photovolta\u00efque et du stockage d&#039;\u00e9nergie","publisher":{"@id":"https:\/\/reden.solar\/de\/#organization"},"potentialAction":[{"@type":"SearchAction","target":{"@type":"EntryPoint","urlTemplate":"https:\/\/reden.solar\/de\/?s={search_term_string}"},"query-input":{"@type":"PropertyValueSpecification","valueRequired":true,"valueName":"search_term_string"}}],"inLanguage":"de"},{"@type":"Organization","@id":"https:\/\/reden.solar\/de\/#organization","name":"REDEN","url":"https:\/\/reden.solar\/de\/","logo":{"@type":"ImageObject","inLanguage":"de","@id":"https:\/\/reden.solar\/de\/#\/schema\/logo\/image\/","url":"https:\/\/reden.solar\/wp-content\/uploads\/2025\/01\/cropped-reden-quadri.png","contentUrl":"https:\/\/reden.solar\/wp-content\/uploads\/2025\/01\/cropped-reden-quadri.png","width":2399,"height":850,"caption":"REDEN"},"image":{"@id":"https:\/\/reden.solar\/de\/#\/schema\/logo\/image\/"},"sameAs":["https:\/\/www.linkedin.com\/company\/redensolar\/mycompany\/","https:\/\/vimeo.com\/redensolar"]}]}},"_links":{"self":[{"href":"https:\/\/reden.solar\/de\/wp-json\/wp\/v2\/pages\/32647","targetHints":{"allow":["GET"]}}],"collection":[{"href":"https:\/\/reden.solar\/de\/wp-json\/wp\/v2\/pages"}],"about":[{"href":"https:\/\/reden.solar\/de\/wp-json\/wp\/v2\/types\/page"}],"author":[{"embeddable":true,"href":"https:\/\/reden.solar\/de\/wp-json\/wp\/v2\/users\/3"}],"replies":[{"embeddable":true,"href":"https:\/\/reden.solar\/de\/wp-json\/wp\/v2\/comments?post=32647"}],"version-history":[{"count":5,"href":"https:\/\/reden.solar\/de\/wp-json\/wp\/v2\/pages\/32647\/revisions"}],"predecessor-version":[{"id":33287,"href":"https:\/\/reden.solar\/de\/wp-json\/wp\/v2\/pages\/32647\/revisions\/33287"}],"up":[{"embeddable":true,"href":"https:\/\/reden.solar\/de\/wp-json\/wp\/v2\/pages\/32011"}],"wp:attachment":[{"href":"https:\/\/reden.solar\/de\/wp-json\/wp\/v2\/media?parent=32647"}],"curies":[{"name":"wp","href":"https:\/\/api.w.org\/{rel}","templated":true}]}}