{"id":1988,"date":"2020-06-05T11:59:14","date_gmt":"2020-06-05T09:59:14","guid":{"rendered":"https:\/\/reden.solar\/?page_id=1988"},"modified":"2023-12-20T23:40:06","modified_gmt":"2023-12-20T22:40:06","slug":"our-activities","status":"publish","type":"page","link":"https:\/\/reden.solar\/en\/our-activities\/","title":{"rendered":"Our activities"},"content":{"rendered":"\t\t<div data-elementor-type=\"wp-page\" data-elementor-id=\"1988\" class=\"elementor elementor-1988 elementor-317\" data-elementor-post-type=\"page\">\n\t\t\t\t\t\t<section class=\"elementor-section elementor-top-section elementor-element elementor-element-a402e60 elementor-section-height-min-height elementor-section-items-stretch elementor-section-stretched banner elementor-section-boxed elementor-section-height-default\" data-id=\"a402e60\" data-element_type=\"section\" data-e-type=\"section\" data-settings=\"{&quot;stretch_section&quot;:&quot;section-stretched&quot;,&quot;background_background&quot;:&quot;slideshow&quot;,&quot;background_slideshow_gallery&quot;:[{&quot;id&quot;:10511,&quot;url&quot;:&quot;https:\\\/\\\/reden.solar\\\/wp-content\\\/uploads\\\/2022\\\/04\\\/Cabildo_1-mod.webp&quot;},{&quot;id&quot;:10517,&quot;url&quot;:&quot;https:\\\/\\\/reden.solar\\\/wp-content\\\/uploads\\\/2022\\\/04\\\/Aerienne-7.08.19.jpg&quot;},{&quot;id&quot;:10520,&quot;url&quot;:&quot;https:\\\/\\\/reden.solar\\\/wp-content\\\/uploads\\\/2022\\\/04\\\/Giraud-Germain-1.8MWc.jpg&quot;},{&quot;id&quot;:10523,&quot;url&quot;:&quot;https:\\\/\\\/reden.solar\\\/wp-content\\\/uploads\\\/2022\\\/04\\\/Skyroadproduction_2017_DJI_0157.jpg&quot;}],&quot;background_slideshow_slide_duration&quot;:3000,&quot;background_slideshow_transition_duration&quot;:2000,&quot;background_slideshow_ken_burns&quot;:&quot;yes&quot;,&quot;background_slideshow_ken_burns_zoom_direction&quot;:&quot;out&quot;,&quot;background_slideshow_loop&quot;:&quot;yes&quot;,&quot;background_slideshow_slide_transition&quot;:&quot;fade&quot;}\">\n\t\t\t\t\t\t\t<div class=\"elementor-background-overlay\"><\/div>\n\t\t\t\t\t\t\t<div class=\"elementor-container elementor-column-gap-default\">\n\t\t\t\t\t<div class=\"elementor-column elementor-col-100 elementor-top-column elementor-element elementor-element-3cd762a\" data-id=\"3cd762a\" data-element_type=\"column\" data-e-type=\"column\">\n\t\t\t<div class=\"elementor-widget-wrap elementor-element-populated\">\n\t\t\t\t\t\t<section class=\"elementor-section elementor-inner-section elementor-element elementor-element-1b8cab0 elementor-section-height-min-height elementor-reverse-mobile elementor-section-boxed elementor-section-height-default\" data-id=\"1b8cab0\" data-element_type=\"section\" data-e-type=\"section\">\n\t\t\t\t\t\t<div class=\"elementor-container elementor-column-gap-default\">\n\t\t\t\t\t<div class=\"elementor-column elementor-col-50 elementor-inner-column elementor-element elementor-element-b3adaf2\" data-id=\"b3adaf2\" data-element_type=\"column\" data-e-type=\"column\" data-settings=\"{&quot;background_background&quot;:&quot;classic&quot;}\">\n\t\t\t<div class=\"elementor-widget-wrap elementor-element-populated\">\n\t\t\t\t\t\t<div class=\"elementor-element elementor-element-45b4b7d elementor-widget elementor-widget-heading\" data-id=\"45b4b7d\" data-element_type=\"widget\" data-e-type=\"widget\" data-widget_type=\"heading.default\">\n\t\t\t\t<div class=\"elementor-widget-container\">\n\t\t\t\t\t<h1 class=\"elementor-heading-title elementor-size-default\">At the heart of photovoltaic energy<\/h1>\t\t\t\t<\/div>\n\t\t\t\t<\/div>\n\t\t\t\t\t<\/div>\n\t\t<\/div>\n\t\t\t\t<div class=\"elementor-column elementor-col-50 elementor-inner-column elementor-element elementor-element-eeb69c3\" data-id=\"eeb69c3\" data-element_type=\"column\" data-e-type=\"column\">\n\t\t\t<div class=\"elementor-widget-wrap elementor-element-populated\">\n\t\t\t\t\t\t<div class=\"elementor-element elementor-element-578a61f elementor-widget elementor-widget-spacer\" data-id=\"578a61f\" data-element_type=\"widget\" data-e-type=\"widget\" data-widget_type=\"spacer.default\">\n\t\t\t\t<div class=\"elementor-widget-container\">\n\t\t\t\t\t\t\t<div class=\"elementor-spacer\">\n\t\t\t<div class=\"elementor-spacer-inner\"><\/div>\n\t\t<\/div>\n\t\t\t\t\t\t<\/div>\n\t\t\t\t<\/div>\n\t\t\t\t\t<\/div>\n\t\t<\/div>\n\t\t\t\t\t<\/div>\n\t\t<\/section>\n\t\t\t\t\t<\/div>\n\t\t<\/div>\n\t\t\t\t\t<\/div>\n\t\t<\/section>\n\t\t\t\t<section class=\"elementor-section elementor-top-section elementor-element elementor-element-2de7db3a txt-intro elementor-section-boxed elementor-section-height-default elementor-section-height-default\" data-id=\"2de7db3a\" data-element_type=\"section\" data-e-type=\"section\">\n\t\t\t\t\t\t<div class=\"elementor-container elementor-column-gap-no\">\n\t\t\t\t\t<div class=\"elementor-column elementor-col-100 elementor-top-column elementor-element elementor-element-2b6ad140\" data-id=\"2b6ad140\" data-element_type=\"column\" data-e-type=\"column\">\n\t\t\t<div class=\"elementor-widget-wrap elementor-element-populated\">\n\t\t\t\t\t\t<div class=\"elementor-element elementor-element-34335c7 elementor-widget elementor-widget-text-editor\" data-id=\"34335c7\" data-element_type=\"widget\" data-e-type=\"widget\" data-widget_type=\"text-editor.default\">\n\t\t\t\t<div class=\"elementor-widget-container\">\n\t\t\t\t\t\t\t\t\tREDEN COVERS THE ENTIRE DEVELOPMENT CYCLE OF A PHOTOVOLTAIC ENERGY PRODUCTION FACILITY\t\t\t\t\t\t\t\t<\/div>\n\t\t\t\t<\/div>\n\t\t\t\t\t<\/div>\n\t\t<\/div>\n\t\t\t\t\t<\/div>\n\t\t<\/section>\n\t\t\t\t<section class=\"elementor-section elementor-top-section elementor-element elementor-element-548a276f txt-aparte elementor-section-stretched elementor-section-boxed elementor-section-height-default elementor-section-height-default\" data-id=\"548a276f\" data-element_type=\"section\" data-e-type=\"section\" data-settings=\"{&quot;stretch_section&quot;:&quot;section-stretched&quot;}\">\n\t\t\t\t\t\t<div class=\"elementor-container elementor-column-gap-no\">\n\t\t\t\t\t<div class=\"elementor-column elementor-col-100 elementor-top-column elementor-element elementor-element-406c411e\" data-id=\"406c411e\" data-element_type=\"column\" data-e-type=\"column\">\n\t\t\t<div class=\"elementor-widget-wrap elementor-element-populated\">\n\t\t\t\t\t\t<div class=\"elementor-element elementor-element-454d13ff block-txt-aparte elementor-widget elementor-widget-text-editor\" data-id=\"454d13ff\" data-element_type=\"widget\" data-e-type=\"widget\" data-widget_type=\"text-editor.default\">\n\t\t\t\t<div class=\"elementor-widget-container\">\n\t\t\t\t\t\t\t\t\t<p>The Group provides seamless management at each stage of a project development, from the initial studies through to the start-up and maintenance of its power plants, and this on an international level. Once the lease proposal has been signed, <strong>REDEN moreover takes care of all technical, economic and administrative procedures, as well as of obtaining a building permit and purchase rate for the generated photovoltaic electricity.<\/strong><\/p>\t\t\t\t\t\t\t\t<\/div>\n\t\t\t\t<\/div>\n\t\t\t\t\t<\/div>\n\t\t<\/div>\n\t\t\t\t\t<\/div>\n\t\t<\/section>\n\t\t\t\t<section class=\"elementor-section elementor-top-section elementor-element elementor-element-957aea3 elementor-section-stretched elementor-section-boxed elementor-section-height-default elementor-section-height-default\" data-id=\"957aea3\" data-element_type=\"section\" data-e-type=\"section\" data-settings=\"{&quot;stretch_section&quot;:&quot;section-stretched&quot;,&quot;background_background&quot;:&quot;classic&quot;}\">\n\t\t\t\t\t\t<div class=\"elementor-container elementor-column-gap-no\">\n\t\t\t\t\t<div class=\"elementor-column elementor-col-100 elementor-top-column elementor-element elementor-element-cc1c449\" data-id=\"cc1c449\" data-element_type=\"column\" data-e-type=\"column\">\n\t\t\t<div class=\"elementor-widget-wrap elementor-element-populated\">\n\t\t\t\t\t\t<div class=\"elementor-element elementor-element-1b34a7e elementor-widget elementor-widget-heading\" data-id=\"1b34a7e\" data-element_type=\"widget\" data-e-type=\"widget\" data-widget_type=\"heading.default\">\n\t\t\t\t<div class=\"elementor-widget-container\">\n\t\t\t\t\t<h2 class=\"elementor-heading-title elementor-size-default\">OUR GLOBAL APPROACH<\/h2>\t\t\t\t<\/div>\n\t\t\t\t<\/div>\n\t\t\t\t<div class=\"elementor-element elementor-element-7f0ff94 elementor-widget elementor-widget-text-editor\" data-id=\"7f0ff94\" data-element_type=\"widget\" data-e-type=\"widget\" data-widget_type=\"text-editor.default\">\n\t\t\t\t<div class=\"elementor-widget-container\">\n\t\t\t\t\t\t\t\t\tREDEN\u2019s teams are made up of technical experts in each of the specialised areas needed for the successful development of a photovoltaic project:\t\t\t\t\t\t\t\t<\/div>\n\t\t\t\t<\/div>\n\t\t\t\t<div class=\"elementor-element elementor-element-7254179 content-expertises elementor-widget elementor-widget-global elementor-global-28281 elementor-widget-html\" data-id=\"7254179\" data-element_type=\"widget\" data-e-type=\"widget\" data-widget_type=\"html.default\">\n\t\t\t\t<div class=\"elementor-widget-container\">\n\t\t\t\t\t<div class=\"nos-expertises\">\n    <ul class=\"txt-expert\">\n        <li class=\"item1\">\n            <a class=\"picto-mobile\" href=\"\/en\/our-approach\/acquisitions\/\" title=\"Acquisitions\">\n                <img decoding=\"async\" src=\"\/wp-content\/uploads\/2020\/03\/Picto-aquisition.svg\" width=\"45\" alt=\"Picto Acquisitions\" \/>\n            <\/a>\n            <a href=\"\/en\/our-approach\/acquisitions\/\" title=\"Acquisitions\">\n                Acquisitions\n            <\/a>\n        <\/li>\n        <li class=\"item2\">\n            <a class=\"picto-mobile\" href=\"\/en\/our-approach\/development-and-design\/\" title=\"Development and design\">\n                <img decoding=\"async\" src=\"\/wp-content\/uploads\/2020\/03\/Picto-dev-et-concep.svg\" width=\"70\" alt=\"Picto d\u00e9veloppement et conception\" \/>\n            <\/a>\n            <a href=\"\/en\/our-approach\/development-and-design\/\" title=\"Development and design\">\n                Development and design \n            <\/a>\n        <\/li>\n        <li class=\"item3\">\n            <a class=\"picto-mobile\" href=\"\/en\/our-approach\/project-management-operation-and-maintenance\/\" title=\"Project management\">\n                <img decoding=\"async\" src=\"\/wp-content\/uploads\/2020\/03\/Picto-Maintenance.svg\" width=\"50\" alt=\"Picto ma\u00eetrise d\u2019ouvrage\" \/>\n            <\/a>\n            <a href=\"\/en\/our-approach\/project-management-operation-and-maintenance\/\" title=\"Project management, operation and maintenance\">\n                Project management,<br> Operation and Maintenance\n            <\/a>\n            <\/li>\n        <li class=\"item4\">\n            <a class=\"picto-mobile\" href=\"\/en\/our-approach\/manufacture-of-photovoltaic-modules\/\" title=\"Manufacture of photovoltaic modules\">\n                <img decoding=\"async\" src=\"\/wp-content\/uploads\/2020\/03\/Picto-fab-des-modules.svg\" width=\"65\" alt=\"Picto fabrication des modules\" \/>\n            <\/a>\n            <a href=\"\/en\/our-approach\/manufacture-of-photovoltaic-modules\/\" title=\"Manufacture of photovoltaic modules\">\n                Manufacture<span> of photovoltaic<\/span><br\/>\n                modules\n            <\/a>\n        <\/li>\n        <li class=\"item5\">\n            <a class=\"picto-mobile\" href=\"\/en\/our-approach\/participatory-investment\/\" title=\"Financing\">\n                <img decoding=\"async\" src=\"\/wp-content\/uploads\/2020\/03\/Picto-financement.svg\" width=\"65\" alt=\"Picto financement\" \/>\n            <\/a>\n            <a href=\"\/en\/our-approach\/participatory-investment\/\" title=\"Administrative procedures and Financing\">\n                Administrative procedures <br>and Financing\n            <\/a>\n        <\/li>\n    <\/ul>\n    <ul class=\"liste-pictos\">\n        <li class=\"picto1 active-show-picto\">\n            <a href=\"\/en\/our-approach\/acquisitions\/\" title=\"Acquisitions\">\n                <img decoding=\"async\" src=\"\/wp-content\/uploads\/2020\/03\/Picto-aquisition.svg\" width=\"77\" alt=\"Picto Acquisitions\" \/>\n            <\/a>\n        <\/li>\n        <li class=\"picto2\">\n            <a href=\"\/en\/our-approach\/development-and-design\/\" title=\"D\u00e9veloppement et conception\">\n                <img decoding=\"async\" src=\"\/wp-content\/uploads\/2020\/03\/Picto-dev-et-concep.svg\" width=\"125\" alt=\"Picto d\u00e9veloppement et conception\" \/>\n            <\/a>\n        <\/li>\n        <li class=\"picto3\">\n            <a href=\"\/en\/our-approach\/project-management-operation-and-maintenance\/\" title=\"Project management, operation and maintenance\">\n                <img decoding=\"async\" src=\"\/wp-content\/uploads\/2020\/03\/Picto-Maintenance.svg\" width=\"90\" alt=\"Picto ma\u00eetrise d\u2019ouvrage\" \/>\n            <\/a>\n        <\/li>\n        <li class=\"picto4\">\n            <a href=\"\/en\/our-approach\/manufacture-of-photovoltaic-modules\/\" title=\"Fabrication des modules photovolta\u00efques\">\n                <img decoding=\"async\" src=\"\/wp-content\/uploads\/2020\/03\/Picto-fab-des-modules.svg\" width=\"128\" alt=\"Picto fabrication des modules\" \/>\n            <\/a>\n        <\/li>\n        <li class=\"picto5\">\n                        <a href=\"\/en\/our-approach\/participatory-investment\/\" title=\"Financement\">\n                <img decoding=\"async\" src=\"\/wp-content\/uploads\/2020\/03\/Picto-financement.svg\" width=\"124\" alt=\"Picto financement\" \/>\n            <\/a>\n        <\/li>\n    <\/ul>\n    <div class=\"circle-dashed\">&nbsp;<\/div>\n<\/div>\t\t\t\t<\/div>\n\t\t\t\t<\/div>\n\t\t\t\t<div class=\"elementor-element elementor-element-1faaa06 elementor-widget elementor-widget-text-editor\" data-id=\"1faaa06\" data-element_type=\"widget\" data-e-type=\"widget\" data-widget_type=\"text-editor.default\">\n\t\t\t\t<div class=\"elementor-widget-container\">\n\t\t\t\t\t\t\t\t\t<p>REDEN\u2019s knowledge and experience in each of these fields give it full autonomy over each of its projects.<\/p>\t\t\t\t\t\t\t\t<\/div>\n\t\t\t\t<\/div>\n\t\t\t\t\t<\/div>\n\t\t<\/div>\n\t\t\t\t\t<\/div>\n\t\t<\/section>\n\t\t\t\t<section class=\"elementor-section elementor-top-section elementor-element elementor-element-e8aae8a elementor-section-stretched elementor-section-boxed elementor-section-height-default elementor-section-height-default\" data-id=\"e8aae8a\" data-element_type=\"section\" data-e-type=\"section\" data-settings=\"{&quot;stretch_section&quot;:&quot;section-stretched&quot;}\">\n\t\t\t\t\t\t<div class=\"elementor-container elementor-column-gap-no\">\n\t\t\t\t\t<div class=\"elementor-column elementor-col-100 elementor-top-column elementor-element elementor-element-2cdd80e\" data-id=\"2cdd80e\" data-element_type=\"column\" data-e-type=\"column\">\n\t\t\t<div class=\"elementor-widget-wrap elementor-element-populated\">\n\t\t\t\t\t\t<div class=\"elementor-element elementor-element-13c6334 elementor-widget elementor-widget-image\" data-id=\"13c6334\" data-element_type=\"widget\" data-e-type=\"widget\" data-widget_type=\"image.default\">\n\t\t\t\t<div class=\"elementor-widget-container\">\n\t\t\t\t\t\t\t\t\t\t\t\t\t\t\t<img fetchpriority=\"high\" decoding=\"async\" width=\"1110\" height=\"480\" src=\"https:\/\/reden.solar\/wp-content\/uploads\/2023\/07\/serre-photovoltaique-notre-demarche-1-1.webp\" class=\"attachment-full size-full wp-image-23353\" alt=\"\" srcset=\"https:\/\/reden.solar\/wp-content\/uploads\/2023\/07\/serre-photovoltaique-notre-demarche-1-1.webp 1110w, https:\/\/reden.solar\/wp-content\/uploads\/2023\/07\/serre-photovoltaique-notre-demarche-1-1-300x130.webp 300w, https:\/\/reden.solar\/wp-content\/uploads\/2023\/07\/serre-photovoltaique-notre-demarche-1-1-1024x443.webp 1024w, https:\/\/reden.solar\/wp-content\/uploads\/2023\/07\/serre-photovoltaique-notre-demarche-1-1-768x332.webp 768w\" sizes=\"(max-width: 1110px) 100vw, 1110px\" \/>\t\t\t\t\t\t\t\t\t\t\t\t\t\t\t<\/div>\n\t\t\t\t<\/div>\n\t\t\t\t\t<\/div>\n\t\t<\/div>\n\t\t\t\t\t<\/div>\n\t\t<\/section>\n\t\t\t\t<\/div>\n\t\t","protected":false},"excerpt":{"rendered":"<p>At the heart of photovoltaic energy REDEN COVERS THE ENTIRE DEVELOPMENT CYCLE OF A PHOTOVOLTAIC ENERGY PRODUCTION FACILITY The Group provides seamless management at each stage of a project development, from the initial studies through to the start-up and maintenance of its power plants, and this on an international level. Once the lease proposal has &#8230; <a title=\"Our activities\" class=\"read-more\" href=\"https:\/\/reden.solar\/en\/our-activities\/\" aria-label=\"Read more about Our activities\">Read more<\/a><\/p>\n","protected":false},"author":3,"featured_media":0,"parent":0,"menu_order":0,"comment_status":"closed","ping_status":"closed","template":"elementor_header_footer","meta":{"inline_featured_image":false,"footnotes":""},"class_list":["post-1988","page","type-page","status-publish"],"yoast_head":"<!-- This site is optimized with the Yoast SEO plugin v27.3 - https:\/\/yoast.com\/product\/yoast-seo-wordpress\/ -->\n<title>Our activities - REDEN<\/title>\n<meta name=\"description\" content=\"The REDEN approach covers the entire development cycle of a photovoltaic energy production unit, controlling all steps of the projects.\" \/>\n<meta name=\"robots\" content=\"index, follow, max-snippet:-1, max-image-preview:large, max-video-preview:-1\" \/>\n<link rel=\"canonical\" href=\"https:\/\/reden.solar\/en\/our-activities\/\" \/>\n<meta property=\"og:locale\" content=\"en_US\" \/>\n<meta property=\"og:type\" content=\"article\" \/>\n<meta property=\"og:title\" content=\"Our activities - REDEN\" \/>\n<meta property=\"og:description\" content=\"The REDEN approach covers the entire development cycle of a photovoltaic energy production unit, controlling all steps of the projects.\" \/>\n<meta property=\"og:url\" content=\"https:\/\/reden.solar\/en\/our-activities\/\" \/>\n<meta property=\"og:site_name\" content=\"REDEN\" \/>\n<meta property=\"article:modified_time\" content=\"2023-12-20T22:40:06+00:00\" \/>\n<meta property=\"og:image\" content=\"https:\/\/reden.solar\/wp-content\/uploads\/2023\/07\/serre-photovoltaique-notre-demarche-1-1.webp\" \/>\n<meta name=\"twitter:card\" content=\"summary_large_image\" \/>\n<meta name=\"twitter:label1\" content=\"Est. reading time\" \/>\n\t<meta name=\"twitter:data1\" content=\"3 minutes\" \/>\n<script type=\"application\/ld+json\" class=\"yoast-schema-graph\">{\"@context\":\"https:\\\/\\\/schema.org\",\"@graph\":[{\"@type\":\"WebPage\",\"@id\":\"https:\\\/\\\/reden.solar\\\/en\\\/our-activities\\\/\",\"url\":\"https:\\\/\\\/reden.solar\\\/en\\\/our-activities\\\/\",\"name\":\"Our activities - REDEN\",\"isPartOf\":{\"@id\":\"https:\\\/\\\/reden.solar\\\/en\\\/#website\"},\"primaryImageOfPage\":{\"@id\":\"https:\\\/\\\/reden.solar\\\/en\\\/our-activities\\\/#primaryimage\"},\"image\":{\"@id\":\"https:\\\/\\\/reden.solar\\\/en\\\/our-activities\\\/#primaryimage\"},\"thumbnailUrl\":\"https:\\\/\\\/reden.solar\\\/wp-content\\\/uploads\\\/2023\\\/07\\\/serre-photovoltaique-notre-demarche-1-1.webp\",\"datePublished\":\"2020-06-05T09:59:14+00:00\",\"dateModified\":\"2023-12-20T22:40:06+00:00\",\"description\":\"The REDEN approach covers the entire development cycle of a photovoltaic energy production unit, controlling all steps of the projects.\",\"breadcrumb\":{\"@id\":\"https:\\\/\\\/reden.solar\\\/en\\\/our-activities\\\/#breadcrumb\"},\"inLanguage\":\"en-US\",\"potentialAction\":[{\"@type\":\"ReadAction\",\"target\":[\"https:\\\/\\\/reden.solar\\\/en\\\/our-activities\\\/\"]}]},{\"@type\":\"ImageObject\",\"inLanguage\":\"en-US\",\"@id\":\"https:\\\/\\\/reden.solar\\\/en\\\/our-activities\\\/#primaryimage\",\"url\":\"https:\\\/\\\/reden.solar\\\/wp-content\\\/uploads\\\/2023\\\/07\\\/serre-photovoltaique-notre-demarche-1-1.webp\",\"contentUrl\":\"https:\\\/\\\/reden.solar\\\/wp-content\\\/uploads\\\/2023\\\/07\\\/serre-photovoltaique-notre-demarche-1-1.webp\"},{\"@type\":\"BreadcrumbList\",\"@id\":\"https:\\\/\\\/reden.solar\\\/en\\\/our-activities\\\/#breadcrumb\",\"itemListElement\":[{\"@type\":\"ListItem\",\"position\":1,\"name\":\"Accueil\",\"item\":\"https:\\\/\\\/reden.solar\\\/en\\\/\"},{\"@type\":\"ListItem\",\"position\":2,\"name\":\"Our activities\"}]},{\"@type\":\"WebSite\",\"@id\":\"https:\\\/\\\/reden.solar\\\/en\\\/#website\",\"url\":\"https:\\\/\\\/reden.solar\\\/en\\\/\",\"name\":\"REDEN\",\"description\":\"Sp\u00e9cialiste de la production d\u2019\u00e9lectricit\u00e9 photovolta\u00efque et du stockage d&#039;\u00e9nergie\",\"publisher\":{\"@id\":\"https:\\\/\\\/reden.solar\\\/en\\\/#organization\"},\"potentialAction\":[{\"@type\":\"SearchAction\",\"target\":{\"@type\":\"EntryPoint\",\"urlTemplate\":\"https:\\\/\\\/reden.solar\\\/en\\\/?s={search_term_string}\"},\"query-input\":{\"@type\":\"PropertyValueSpecification\",\"valueRequired\":true,\"valueName\":\"search_term_string\"}}],\"inLanguage\":\"en-US\"},{\"@type\":\"Organization\",\"@id\":\"https:\\\/\\\/reden.solar\\\/en\\\/#organization\",\"name\":\"REDEN\",\"url\":\"https:\\\/\\\/reden.solar\\\/en\\\/\",\"logo\":{\"@type\":\"ImageObject\",\"inLanguage\":\"en-US\",\"@id\":\"https:\\\/\\\/reden.solar\\\/en\\\/#\\\/schema\\\/logo\\\/image\\\/\",\"url\":\"https:\\\/\\\/reden.solar\\\/wp-content\\\/uploads\\\/2025\\\/01\\\/cropped-reden-quadri.png\",\"contentUrl\":\"https:\\\/\\\/reden.solar\\\/wp-content\\\/uploads\\\/2025\\\/01\\\/cropped-reden-quadri.png\",\"width\":2399,\"height\":850,\"caption\":\"REDEN\"},\"image\":{\"@id\":\"https:\\\/\\\/reden.solar\\\/en\\\/#\\\/schema\\\/logo\\\/image\\\/\"},\"sameAs\":[\"https:\\\/\\\/www.linkedin.com\\\/company\\\/redensolar\\\/mycompany\\\/\",\"https:\\\/\\\/vimeo.com\\\/redensolar\"]}]}<\/script>\n<!-- \/ Yoast SEO plugin. -->","yoast_head_json":{"title":"Our activities - REDEN","description":"The REDEN approach covers the entire development cycle of a photovoltaic energy production unit, controlling all steps of the projects.","robots":{"index":"index","follow":"follow","max-snippet":"max-snippet:-1","max-image-preview":"max-image-preview:large","max-video-preview":"max-video-preview:-1"},"canonical":"https:\/\/reden.solar\/en\/our-activities\/","og_locale":"en_US","og_type":"article","og_title":"Our activities - REDEN","og_description":"The REDEN approach covers the entire development cycle of a photovoltaic energy production unit, controlling all steps of the projects.","og_url":"https:\/\/reden.solar\/en\/our-activities\/","og_site_name":"REDEN","article_modified_time":"2023-12-20T22:40:06+00:00","og_image":[{"url":"https:\/\/reden.solar\/wp-content\/uploads\/2023\/07\/serre-photovoltaique-notre-demarche-1-1.webp","type":"","width":"","height":""}],"twitter_card":"summary_large_image","twitter_misc":{"Est. reading time":"3 minutes"},"schema":{"@context":"https:\/\/schema.org","@graph":[{"@type":"WebPage","@id":"https:\/\/reden.solar\/en\/our-activities\/","url":"https:\/\/reden.solar\/en\/our-activities\/","name":"Our activities - REDEN","isPartOf":{"@id":"https:\/\/reden.solar\/en\/#website"},"primaryImageOfPage":{"@id":"https:\/\/reden.solar\/en\/our-activities\/#primaryimage"},"image":{"@id":"https:\/\/reden.solar\/en\/our-activities\/#primaryimage"},"thumbnailUrl":"https:\/\/reden.solar\/wp-content\/uploads\/2023\/07\/serre-photovoltaique-notre-demarche-1-1.webp","datePublished":"2020-06-05T09:59:14+00:00","dateModified":"2023-12-20T22:40:06+00:00","description":"The REDEN approach covers the entire development cycle of a photovoltaic energy production unit, controlling all steps of the projects.","breadcrumb":{"@id":"https:\/\/reden.solar\/en\/our-activities\/#breadcrumb"},"inLanguage":"en-US","potentialAction":[{"@type":"ReadAction","target":["https:\/\/reden.solar\/en\/our-activities\/"]}]},{"@type":"ImageObject","inLanguage":"en-US","@id":"https:\/\/reden.solar\/en\/our-activities\/#primaryimage","url":"https:\/\/reden.solar\/wp-content\/uploads\/2023\/07\/serre-photovoltaique-notre-demarche-1-1.webp","contentUrl":"https:\/\/reden.solar\/wp-content\/uploads\/2023\/07\/serre-photovoltaique-notre-demarche-1-1.webp"},{"@type":"BreadcrumbList","@id":"https:\/\/reden.solar\/en\/our-activities\/#breadcrumb","itemListElement":[{"@type":"ListItem","position":1,"name":"Accueil","item":"https:\/\/reden.solar\/en\/"},{"@type":"ListItem","position":2,"name":"Our activities"}]},{"@type":"WebSite","@id":"https:\/\/reden.solar\/en\/#website","url":"https:\/\/reden.solar\/en\/","name":"REDEN","description":"Sp\u00e9cialiste de la production d\u2019\u00e9lectricit\u00e9 photovolta\u00efque et du stockage d&#039;\u00e9nergie","publisher":{"@id":"https:\/\/reden.solar\/en\/#organization"},"potentialAction":[{"@type":"SearchAction","target":{"@type":"EntryPoint","urlTemplate":"https:\/\/reden.solar\/en\/?s={search_term_string}"},"query-input":{"@type":"PropertyValueSpecification","valueRequired":true,"valueName":"search_term_string"}}],"inLanguage":"en-US"},{"@type":"Organization","@id":"https:\/\/reden.solar\/en\/#organization","name":"REDEN","url":"https:\/\/reden.solar\/en\/","logo":{"@type":"ImageObject","inLanguage":"en-US","@id":"https:\/\/reden.solar\/en\/#\/schema\/logo\/image\/","url":"https:\/\/reden.solar\/wp-content\/uploads\/2025\/01\/cropped-reden-quadri.png","contentUrl":"https:\/\/reden.solar\/wp-content\/uploads\/2025\/01\/cropped-reden-quadri.png","width":2399,"height":850,"caption":"REDEN"},"image":{"@id":"https:\/\/reden.solar\/en\/#\/schema\/logo\/image\/"},"sameAs":["https:\/\/www.linkedin.com\/company\/redensolar\/mycompany\/","https:\/\/vimeo.com\/redensolar"]}]}},"_links":{"self":[{"href":"https:\/\/reden.solar\/en\/wp-json\/wp\/v2\/pages\/1988","targetHints":{"allow":["GET"]}}],"collection":[{"href":"https:\/\/reden.solar\/en\/wp-json\/wp\/v2\/pages"}],"about":[{"href":"https:\/\/reden.solar\/en\/wp-json\/wp\/v2\/types\/page"}],"author":[{"embeddable":true,"href":"https:\/\/reden.solar\/en\/wp-json\/wp\/v2\/users\/3"}],"replies":[{"embeddable":true,"href":"https:\/\/reden.solar\/en\/wp-json\/wp\/v2\/comments?post=1988"}],"version-history":[{"count":0,"href":"https:\/\/reden.solar\/en\/wp-json\/wp\/v2\/pages\/1988\/revisions"}],"wp:attachment":[{"href":"https:\/\/reden.solar\/en\/wp-json\/wp\/v2\/media?parent=1988"}],"curies":[{"name":"wp","href":"https:\/\/api.w.org\/{rel}","templated":true}]}}