{"id":2219,"date":"2020-06-11T15:33:11","date_gmt":"2020-06-11T13:33:11","guid":{"rendered":"https:\/\/reden.solar\/?page_id=2219"},"modified":"2024-10-15T11:41:55","modified_gmt":"2024-10-15T09:41:55","slug":"terms-of-use","status":"publish","type":"page","link":"https:\/\/reden.solar\/en\/terms-of-use\/","title":{"rendered":"Terms of use"},"content":{"rendered":"\t\t<div data-elementor-type=\"wp-page\" data-elementor-id=\"2219\" class=\"elementor elementor-2219 elementor-967\" data-elementor-post-type=\"page\">\n\t\t\t\t\t\t<section class=\"elementor-section elementor-top-section elementor-element elementor-element-2de7db3a Titre-ML elementor-section-boxed elementor-section-height-default elementor-section-height-default\" data-id=\"2de7db3a\" data-element_type=\"section\" data-e-type=\"section\">\n\t\t\t\t\t\t<div class=\"elementor-container elementor-column-gap-no\">\n\t\t\t\t\t<div class=\"elementor-column elementor-col-100 elementor-top-column elementor-element elementor-element-2b6ad140\" data-id=\"2b6ad140\" data-element_type=\"column\" data-e-type=\"column\">\n\t\t\t<div class=\"elementor-widget-wrap elementor-element-populated\">\n\t\t\t\t\t\t<div class=\"elementor-element elementor-element-34335c7 elementor-widget elementor-widget-text-editor\" data-id=\"34335c7\" data-element_type=\"widget\" data-e-type=\"widget\" data-widget_type=\"text-editor.default\">\n\t\t\t\t<div class=\"elementor-widget-container\">\n\t\t\t\t\t\t\t\t\t<p><b>Terms of use<\/b><\/p>\t\t\t\t\t\t\t\t<\/div>\n\t\t\t\t<\/div>\n\t\t\t\t<div class=\"elementor-element elementor-element-9caf18c elementor-widget elementor-widget-text-editor\" data-id=\"9caf18c\" data-element_type=\"widget\" data-e-type=\"widget\" data-widget_type=\"text-editor.default\">\n\t\t\t\t<div class=\"elementor-widget-container\">\n\t\t\t\t\t\t\t\t\tREDEN SOLAR (hereinafter \u201cREDEN SOLAR\u201d) propose users access to this website www.reden.solar (hereinafter \u201cle Site\u201d). Users access to the Site agree to comply with these Terms of Use. \n\t\t\t\t\t\t\t\t<\/div>\n\t\t\t\t<\/div>\n\t\t\t\t\t<\/div>\n\t\t<\/div>\n\t\t\t\t\t<\/div>\n\t\t<\/section>\n\t\t\t\t<section class=\"elementor-section elementor-top-section elementor-element elementor-element-53853d7c txt-ML elementor-section-boxed elementor-section-height-default elementor-section-height-default\" data-id=\"53853d7c\" data-element_type=\"section\" data-e-type=\"section\">\n\t\t\t\t\t\t<div class=\"elementor-container elementor-column-gap-no\">\n\t\t\t\t\t<div class=\"elementor-column elementor-col-100 elementor-top-column elementor-element elementor-element-171fc96c\" data-id=\"171fc96c\" data-element_type=\"column\" data-e-type=\"column\">\n\t\t\t<div class=\"elementor-widget-wrap elementor-element-populated\">\n\t\t\t\t\t\t<div class=\"elementor-element elementor-element-27f76a0b elementor-widget elementor-widget-text-editor\" data-id=\"27f76a0b\" data-element_type=\"widget\" data-e-type=\"widget\" data-widget_type=\"text-editor.default\">\n\t\t\t\t<div class=\"elementor-widget-container\">\n\t\t\t\t\t\t\t\t\t<h3 style=\"text-align: center;\">Use of the Site<\/h3><p>This Site propose information relating to the activities of REDEN SOLAR and subsidiaries. REDEN SOLAR makes every effort to ensure the information provided on the Site is accurate and up-to-date and reserves the right to change the content of its Site at any time and without notice.<\/p>\t\t\t\t\t\t\t\t<\/div>\n\t\t\t\t<\/div>\n\t\t\t\t<div class=\"elementor-element elementor-element-cb5f1bb elementor-widget elementor-widget-text-editor\" data-id=\"cb5f1bb\" data-element_type=\"widget\" data-e-type=\"widget\" data-widget_type=\"text-editor.default\">\n\t\t\t\t<div class=\"elementor-widget-container\">\n\t\t\t\t\t\t\t\t\t<h3 style=\"text-align: center;\">Access to the Site<\/h3><p>The Site is accessible 24 hours a day, 7 days a week, except maintenance period. REDEN SOLAR cannot guarantee that the site will operate continuously.<br \/>Likewise, REDEN SOLAR cannot be held liable for any events due to a case of force majeure, breakdowns or technical problems affecting equipment, hardware, programs, software or the Internet causing the suspension or termination of the service.<br \/>REDEN SOLAR is not responsible for delays, difficulties of use or incompatibility affecting the Site, computer files, web browsers or any other programme used to access the Site.<br \/>The Site is available free of charge (except for Internet connection costs which remain the responsibility of the user)<\/p>\t\t\t\t\t\t\t\t<\/div>\n\t\t\t\t<\/div>\n\t\t\t\t<div class=\"elementor-element elementor-element-af4b9f5 elementor-widget elementor-widget-text-editor\" data-id=\"af4b9f5\" data-element_type=\"widget\" data-e-type=\"widget\" data-widget_type=\"text-editor.default\">\n\t\t\t\t<div class=\"elementor-widget-container\">\n\t\t\t\t\t\t\t\t\t<h3 style=\"text-align: center;\"><span style=\"letter-spacing: 0.9px;\">Intellectual property<\/span><\/h3><p>The Site and its content are protected by the intellectual property right. The site and each of its constituent elements such as brands, texts, illustrations, logos, company names, products, photographs, are the property of REDEN SOLAR. These conditions do not confer any licence to use the brand, logos or photographs presented on the Site.<br \/>Reproduction or representation of the Site shall be subjected to a prior written authorization from REDEN SOLAR.<\/p>\t\t\t\t\t\t\t\t<\/div>\n\t\t\t\t<\/div>\n\t\t\t\t<div class=\"elementor-element elementor-element-c93d338 elementor-widget elementor-widget-text-editor\" data-id=\"c93d338\" data-element_type=\"widget\" data-e-type=\"widget\" data-widget_type=\"text-editor.default\">\n\t\t\t\t<div class=\"elementor-widget-container\">\n\t\t\t\t\t\t\t\t\t<h3 style=\"font-style: normal; letter-spacing: 0.9px; text-align: center;\"><span style=\"letter-spacing: 0.9px;\">Hypertext links<\/span><\/h3><p>The hyperlinks set up to other websites shall not incur the liability of REDEN SOLAR, especially in the case of the content of these Sites. The decision to activate links is the exclusive responsibility of the Site\u2019s users. Furthermore, it is responsible to take the necessary precautions to prevent the Site being contaminated by one or more \u00ab viruses \u00bb.<br \/>REDEN SOLAR is not liable for hyperlinks from other sites to this Site and no such links may be set up without its prior written authorisation.<\/p>\t\t\t\t\t\t\t\t<\/div>\n\t\t\t\t<\/div>\n\t\t\t\t<div class=\"elementor-element elementor-element-e02d5bc elementor-widget elementor-widget-text-editor\" data-id=\"e02d5bc\" data-element_type=\"widget\" data-e-type=\"widget\" data-widget_type=\"text-editor.default\">\n\t\t\t\t<div class=\"elementor-widget-container\">\n\t\t\t\t\t\t\t\t\t<h3 style=\"text-align: center; letter-spacing: 0.9px; font-style: normal;\"><span style=\"letter-spacing: 0.9px;\">I<b>nformation of personal data processing<\/b><\/span><\/h3><p>REDEN SOLAR collects and processes personal data (name, surname, mail address\u2026) communicated on the Site when using the contact form to respond to requests.<br \/>The data are processed by REDEN SOLAR. The dates are hosted by an external subcontractor located within the European Union and shall be kept only for the time necessary for their processing.<\/p><p>In accordance with the applicable rules relating to the personal data, you have the right to consult, correct, oppose, erase, limit processing and portability of your data that you can exercise by mail to the following address :<br \/>REDEN SOLAR \u2013 Direction de la communication, 2 route des M\u00fbres, ZAC des Champs de Lescaze, 47310 ROQUEFORT or by email to contact@reden.solar, with your name, surname, mailing address and attaching a double-sided copy of your identity document.<\/p><p>In case of difficulty with the processing of your personal data, you can send a complaint to the data protection officer of REDEN SOLAR, by mail at:<br \/>REDEN SOLAR \u2013 D\u00e9l\u00e9gu\u00e9 \u00e0 la protection des donn\u00e9es \u2013 2 route des M\u00fbres, ZAC des Champs de Lescaze, 47310 ROQUEFORT or by email at privacy@reden.solar. You also have the right to bring an action with the CNIL.<\/p><p>(1) Law n\u00b078-17 relating to Data Processing, Data Files and Individual liberties of 6 January 1978 modified and et Data Protection Regulation n\u00b0 (UE) 2016\/679 of 27 April 2016.<\/p>\t\t\t\t\t\t\t\t<\/div>\n\t\t\t\t<\/div>\n\t\t\t\t<div class=\"elementor-element elementor-element-d5a0b81 elementor-widget elementor-widget-text-editor\" data-id=\"d5a0b81\" data-element_type=\"widget\" data-e-type=\"widget\" data-widget_type=\"text-editor.default\">\n\t\t\t\t<div class=\"elementor-widget-container\">\n\t\t\t\t\t\t\t\t\t<h3 style=\"text-align: center;\">The use of cookies<\/h3><p>The site contains cookies used for the purposes described below.<br \/>What is a cookie and what is it used for?<br \/>A cookie is an information placed on your hard drive by the server of the site you are visiting. It contains several data:<\/p><p><span style=\"color: #d71f13;\">\u2022<\/span> the name of the server that deposited it;<\/p><p><span style=\"color: #d71f13;\">\u2022<\/span> a username in the form of a unique number;<\/p><p><span style=\"color: #d71f13;\">\u2022<\/span> possibly an expiration date.<\/p><p>Cookies help to improve the browsing experience on websites. They are kept by REDEN SOLAR for one month.<\/p><p>The Site broadcast cookie to enable us:<\/p><p><span style=\"color: #d71f13;\">\u2022<\/span> to establish statistics and volumes of visits and use of the various components of the Site (sections and content visited, route) allowing us to improve the interest and the ergonomics of our services;<\/p><p><span style=\"color: #d71f13;\">\u2022<\/span> to adapt the presentation of the Site to the display preferences of your terminal (language, display resolution, operating system used&#8230;) during your visits to our Site, depending on the hardware and software for viewing or reading that your terminal contains;<\/p><p><span style=\"color: #d71f13;\">\u2022<\/span> To implement security measures, for example when you are asked to re-connect to content or a service after a certain period of time.<\/p><p>You have the possibility to block cookies on all the sites you visit.<br \/>Important: deleting cookies will delete the settings saved for the sites you have visited previously.<\/p>\t\t\t\t\t\t\t\t<\/div>\n\t\t\t\t<\/div>\n\t\t\t\t<div class=\"elementor-element elementor-element-f2ef932 elementor-widget elementor-widget-text-editor\" data-id=\"f2ef932\" data-element_type=\"widget\" data-e-type=\"widget\" data-widget_type=\"text-editor.default\">\n\t\t\t\t<div class=\"elementor-widget-container\">\n\t\t\t\t\t\t\t\t\t<h3 style=\"text-align: center;\">Responsibility<\/h3><p>REDEN SOLAR shall not be responsible for any material or consequential damage (including but not limited to technical failure, disclosure of confidential documents and data loss), or for any other indirect damage, arising from or associated with the use of the website.<\/p><p>REDEN SOLAR makes every effort to ensure that the information available on this Site is accurate and up to date, reserving the right to modify the content at any time without notice. Nevertheless, REDEN SOLAR cannot guarantee that information is complete or that it has not been modified by a third party (hacking, virus\u2026).<\/p><p>If there is any difference between the information given in the website\u2019s French, Spanish ,English and Greek versions, the information given in the French version shall prevail. The elements of the Site are provided \u00ab in the state \u00bb without any guarantee of any kind, implicit or explicit.<\/p><p>By exploring the Site, the user undertakes to respect the laws and applicable regulation.<\/p>\t\t\t\t\t\t\t\t<\/div>\n\t\t\t\t<\/div>\n\t\t\t\t<div class=\"elementor-element elementor-element-4bff143 elementor-widget elementor-widget-text-editor\" data-id=\"4bff143\" data-element_type=\"widget\" data-e-type=\"widget\" data-widget_type=\"text-editor.default\">\n\t\t\t\t<div class=\"elementor-widget-container\">\n\t\t\t\t\t\t\t\t\t<h3 style=\"text-align: center;\">Applicable right<\/h3>\nThe present terms of use are subject to French law.\t\t\t\t\t\t\t\t<\/div>\n\t\t\t\t<\/div>\n\t\t\t\t<div class=\"elementor-element elementor-element-f8445d9 elementor-widget elementor-widget-text-editor\" data-id=\"f8445d9\" data-element_type=\"widget\" data-e-type=\"widget\" data-widget_type=\"text-editor.default\">\n\t\t\t\t<div class=\"elementor-widget-container\">\n\t\t\t\t\t\t\t\t\t<h3 style=\"text-align: center;\">Legal notices<\/h3>\n<p><strong>Publisher<\/strong><\/p>\n<p><span style=\"letter-spacing: 0.9px;\">REDEN SOLAR<br><\/span><span style=\"letter-spacing: 0.9px;\">Simplified joint-stock company with a capital of 50 514 572,87 euros<br><\/span><span style=\"letter-spacing: 0.9px;\">500 661 806 RCS Agen<\/span><\/p>\n<p><strong>Head office<\/strong>: 2 route des M\u00fbres, ZAC des Champs de Lescaze, 47310 ROQUEFORT<br><strong>Phone:<\/strong> +33 (0)5 53 77 21 31<\/p>\n<p><strong>Legal representative:<\/strong> Thierry CARCEL<\/p>\n<p><strong>REDEN Industries\u2019 unique ID<\/strong> is: FR020947_05CLRC<\/p>\n<p><strong>REDEN Technique\u2019s unique ID<\/strong> is: FR330678_05YFKX<\/p>\n<p>This website is hosted at SAS OVH, 2 rue Kellermann, 59100 Roubaix<\/p>\n<p><\/p>\n<p><strong>Site design<\/strong><br><strong>Project management:<\/strong> direction de la communication REDEN SOLAR<br><strong>Conception, design<\/strong>: <a href=\"http:\/\/bybenoit.fr\" target=\"_blank\" rel=\"noopener\">ByBenoit<\/a><br><strong>Development<\/strong>: <a href=\"http:\/\/armstrong.space\" target=\"_blank\" rel=\"noopener\">Armstrong<\/a><\/p>\n<p><strong>Photo credits<\/strong>:<br><span style=\"color: #d71f13;\">\u2022<\/span> @Paul Fauchille<br><span style=\"color: #d71f13;\">\u2022<\/span> @JEPG-STUDIOS<br><span style=\"color: #d71f13;\">\u2022<\/span> @ALTI150<br><span style=\"color: #d71f13;\">\u2022<\/span> @FRANCK PETIT<br><span style=\"color: #d71f13;\">\u2022<\/span> @PATRICK-MAC-CANN<\/p>\t\t\t\t\t\t\t\t<\/div>\n\t\t\t\t<\/div>\n\t\t\t\t\t<\/div>\n\t\t<\/div>\n\t\t\t\t\t<\/div>\n\t\t<\/section>\n\t\t\t\t<\/div>\n\t\t","protected":false},"excerpt":{"rendered":"<p>Terms of use REDEN SOLAR (hereinafter \u201cREDEN SOLAR\u201d) propose users access to this website www.reden.solar (hereinafter \u201cle Site\u201d). Users access to the Site agree to comply with these Terms of Use. Use of the Site This Site propose information relating to the activities of REDEN SOLAR and subsidiaries. REDEN SOLAR makes every effort to ensure &#8230; <a title=\"Terms of use\" class=\"read-more\" href=\"https:\/\/reden.solar\/en\/terms-of-use\/\" aria-label=\"Read more about Terms of use\">Read more<\/a><\/p>\n","protected":false},"author":3,"featured_media":0,"parent":0,"menu_order":0,"comment_status":"closed","ping_status":"closed","template":"elementor_header_footer","meta":{"inline_featured_image":false,"footnotes":""},"class_list":["post-2219","page","type-page","status-publish"],"yoast_head":"<!-- This site is optimized with the Yoast SEO plugin v27.3 - https:\/\/yoast.com\/product\/yoast-seo-wordpress\/ -->\n<title>Terms of use - REDEN<\/title>\n<meta name=\"robots\" content=\"index, follow, max-snippet:-1, max-image-preview:large, max-video-preview:-1\" \/>\n<link rel=\"canonical\" href=\"https:\/\/reden.solar\/en\/terms-of-use\/\" \/>\n<meta property=\"og:locale\" content=\"en_US\" \/>\n<meta property=\"og:type\" content=\"article\" \/>\n<meta property=\"og:title\" content=\"Terms of use - REDEN\" \/>\n<meta property=\"og:description\" content=\"Terms of use REDEN SOLAR (hereinafter \u201cREDEN SOLAR\u201d) propose users access to this website www.reden.solar (hereinafter \u201cle Site\u201d). Users access to the Site agree to comply with these Terms of Use. Use of the Site This Site propose information relating to the activities of REDEN SOLAR and subsidiaries. REDEN SOLAR makes every effort to ensure ... Read more\" \/>\n<meta property=\"og:url\" content=\"https:\/\/reden.solar\/en\/terms-of-use\/\" \/>\n<meta property=\"og:site_name\" content=\"REDEN\" \/>\n<meta property=\"article:modified_time\" content=\"2024-10-15T09:41:55+00:00\" \/>\n<meta name=\"twitter:card\" content=\"summary_large_image\" \/>\n<meta name=\"twitter:label1\" content=\"Est. reading time\" \/>\n\t<meta name=\"twitter:data1\" content=\"5 minutes\" \/>\n<script type=\"application\/ld+json\" class=\"yoast-schema-graph\">{\"@context\":\"https:\\\/\\\/schema.org\",\"@graph\":[{\"@type\":\"WebPage\",\"@id\":\"https:\\\/\\\/reden.solar\\\/en\\\/terms-of-use\\\/\",\"url\":\"https:\\\/\\\/reden.solar\\\/en\\\/terms-of-use\\\/\",\"name\":\"Terms of use - REDEN\",\"isPartOf\":{\"@id\":\"https:\\\/\\\/reden.solar\\\/en\\\/#website\"},\"datePublished\":\"2020-06-11T13:33:11+00:00\",\"dateModified\":\"2024-10-15T09:41:55+00:00\",\"breadcrumb\":{\"@id\":\"https:\\\/\\\/reden.solar\\\/en\\\/terms-of-use\\\/#breadcrumb\"},\"inLanguage\":\"en-US\",\"potentialAction\":[{\"@type\":\"ReadAction\",\"target\":[\"https:\\\/\\\/reden.solar\\\/en\\\/terms-of-use\\\/\"]}]},{\"@type\":\"BreadcrumbList\",\"@id\":\"https:\\\/\\\/reden.solar\\\/en\\\/terms-of-use\\\/#breadcrumb\",\"itemListElement\":[{\"@type\":\"ListItem\",\"position\":1,\"name\":\"Accueil\",\"item\":\"https:\\\/\\\/reden.solar\\\/en\\\/\"},{\"@type\":\"ListItem\",\"position\":2,\"name\":\"Terms of use\"}]},{\"@type\":\"WebSite\",\"@id\":\"https:\\\/\\\/reden.solar\\\/en\\\/#website\",\"url\":\"https:\\\/\\\/reden.solar\\\/en\\\/\",\"name\":\"REDEN\",\"description\":\"Sp\u00e9cialiste de la production d\u2019\u00e9lectricit\u00e9 photovolta\u00efque et du stockage d&#039;\u00e9nergie\",\"publisher\":{\"@id\":\"https:\\\/\\\/reden.solar\\\/en\\\/#organization\"},\"potentialAction\":[{\"@type\":\"SearchAction\",\"target\":{\"@type\":\"EntryPoint\",\"urlTemplate\":\"https:\\\/\\\/reden.solar\\\/en\\\/?s={search_term_string}\"},\"query-input\":{\"@type\":\"PropertyValueSpecification\",\"valueRequired\":true,\"valueName\":\"search_term_string\"}}],\"inLanguage\":\"en-US\"},{\"@type\":\"Organization\",\"@id\":\"https:\\\/\\\/reden.solar\\\/en\\\/#organization\",\"name\":\"REDEN\",\"url\":\"https:\\\/\\\/reden.solar\\\/en\\\/\",\"logo\":{\"@type\":\"ImageObject\",\"inLanguage\":\"en-US\",\"@id\":\"https:\\\/\\\/reden.solar\\\/en\\\/#\\\/schema\\\/logo\\\/image\\\/\",\"url\":\"https:\\\/\\\/reden.solar\\\/wp-content\\\/uploads\\\/2025\\\/01\\\/cropped-reden-quadri.png\",\"contentUrl\":\"https:\\\/\\\/reden.solar\\\/wp-content\\\/uploads\\\/2025\\\/01\\\/cropped-reden-quadri.png\",\"width\":2399,\"height\":850,\"caption\":\"REDEN\"},\"image\":{\"@id\":\"https:\\\/\\\/reden.solar\\\/en\\\/#\\\/schema\\\/logo\\\/image\\\/\"},\"sameAs\":[\"https:\\\/\\\/www.linkedin.com\\\/company\\\/redensolar\\\/mycompany\\\/\",\"https:\\\/\\\/vimeo.com\\\/redensolar\"]}]}<\/script>\n<!-- \/ Yoast SEO plugin. -->","yoast_head_json":{"title":"Terms of use - REDEN","robots":{"index":"index","follow":"follow","max-snippet":"max-snippet:-1","max-image-preview":"max-image-preview:large","max-video-preview":"max-video-preview:-1"},"canonical":"https:\/\/reden.solar\/en\/terms-of-use\/","og_locale":"en_US","og_type":"article","og_title":"Terms of use - REDEN","og_description":"Terms of use REDEN SOLAR (hereinafter \u201cREDEN SOLAR\u201d) propose users access to this website www.reden.solar (hereinafter \u201cle Site\u201d). Users access to the Site agree to comply with these Terms of Use. Use of the Site This Site propose information relating to the activities of REDEN SOLAR and subsidiaries. REDEN SOLAR makes every effort to ensure ... Read more","og_url":"https:\/\/reden.solar\/en\/terms-of-use\/","og_site_name":"REDEN","article_modified_time":"2024-10-15T09:41:55+00:00","twitter_card":"summary_large_image","twitter_misc":{"Est. reading time":"5 minutes"},"schema":{"@context":"https:\/\/schema.org","@graph":[{"@type":"WebPage","@id":"https:\/\/reden.solar\/en\/terms-of-use\/","url":"https:\/\/reden.solar\/en\/terms-of-use\/","name":"Terms of use - REDEN","isPartOf":{"@id":"https:\/\/reden.solar\/en\/#website"},"datePublished":"2020-06-11T13:33:11+00:00","dateModified":"2024-10-15T09:41:55+00:00","breadcrumb":{"@id":"https:\/\/reden.solar\/en\/terms-of-use\/#breadcrumb"},"inLanguage":"en-US","potentialAction":[{"@type":"ReadAction","target":["https:\/\/reden.solar\/en\/terms-of-use\/"]}]},{"@type":"BreadcrumbList","@id":"https:\/\/reden.solar\/en\/terms-of-use\/#breadcrumb","itemListElement":[{"@type":"ListItem","position":1,"name":"Accueil","item":"https:\/\/reden.solar\/en\/"},{"@type":"ListItem","position":2,"name":"Terms of use"}]},{"@type":"WebSite","@id":"https:\/\/reden.solar\/en\/#website","url":"https:\/\/reden.solar\/en\/","name":"REDEN","description":"Sp\u00e9cialiste de la production d\u2019\u00e9lectricit\u00e9 photovolta\u00efque et du stockage d&#039;\u00e9nergie","publisher":{"@id":"https:\/\/reden.solar\/en\/#organization"},"potentialAction":[{"@type":"SearchAction","target":{"@type":"EntryPoint","urlTemplate":"https:\/\/reden.solar\/en\/?s={search_term_string}"},"query-input":{"@type":"PropertyValueSpecification","valueRequired":true,"valueName":"search_term_string"}}],"inLanguage":"en-US"},{"@type":"Organization","@id":"https:\/\/reden.solar\/en\/#organization","name":"REDEN","url":"https:\/\/reden.solar\/en\/","logo":{"@type":"ImageObject","inLanguage":"en-US","@id":"https:\/\/reden.solar\/en\/#\/schema\/logo\/image\/","url":"https:\/\/reden.solar\/wp-content\/uploads\/2025\/01\/cropped-reden-quadri.png","contentUrl":"https:\/\/reden.solar\/wp-content\/uploads\/2025\/01\/cropped-reden-quadri.png","width":2399,"height":850,"caption":"REDEN"},"image":{"@id":"https:\/\/reden.solar\/en\/#\/schema\/logo\/image\/"},"sameAs":["https:\/\/www.linkedin.com\/company\/redensolar\/mycompany\/","https:\/\/vimeo.com\/redensolar"]}]}},"_links":{"self":[{"href":"https:\/\/reden.solar\/en\/wp-json\/wp\/v2\/pages\/2219","targetHints":{"allow":["GET"]}}],"collection":[{"href":"https:\/\/reden.solar\/en\/wp-json\/wp\/v2\/pages"}],"about":[{"href":"https:\/\/reden.solar\/en\/wp-json\/wp\/v2\/types\/page"}],"author":[{"embeddable":true,"href":"https:\/\/reden.solar\/en\/wp-json\/wp\/v2\/users\/3"}],"replies":[{"embeddable":true,"href":"https:\/\/reden.solar\/en\/wp-json\/wp\/v2\/comments?post=2219"}],"version-history":[{"count":3,"href":"https:\/\/reden.solar\/en\/wp-json\/wp\/v2\/pages\/2219\/revisions"}],"predecessor-version":[{"id":34176,"href":"https:\/\/reden.solar\/en\/wp-json\/wp\/v2\/pages\/2219\/revisions\/34176"}],"wp:attachment":[{"href":"https:\/\/reden.solar\/en\/wp-json\/wp\/v2\/media?parent=2219"}],"curies":[{"name":"wp","href":"https:\/\/api.w.org\/{rel}","templated":true}]}}