{"id":28105,"date":"2023-12-15T17:32:55","date_gmt":"2023-12-15T16:32:55","guid":{"rendered":"https:\/\/reden.solar\/?page_id=28105"},"modified":"2023-12-15T17:32:57","modified_gmt":"2023-12-15T16:32:57","slug":"agrivoltaic-sites-for-livestock-and-arable-farming","status":"publish","type":"page","link":"https:\/\/reden.solar\/en\/agrivoltaic-sites-for-livestock-and-arable-farming\/","title":{"rendered":"Agrivoltaic sites for livestock and arable farming"},"content":{"rendered":"<h2>NOS EXPERTISES<\/h2>\n<p><strong>Les ombri\u00e8res agrivolta\u00efques SUR VERGERS : une plus-value face aux al\u00e9as climatique<\/strong><\/p>\n<p>Les ombri\u00e8res agrivolta\u00efques sur vergers permettent une production en plein air, tout en b\u00e9n\u00e9ficiant de la protection offerte par les panneaux photovolta\u00efques face aux al\u00e9as climatiques (fortes chaleurs, grosses pluies, gr\u00eale). Pouvant servir de support pour des filets anti-insectes, elles offrent la quantit\u00e9 de soleil n\u00e9cessaire tout en r\u00e9duisant le besoin en eau des vergers. Ainsi, elles permettent une optimisation de la productivit\u00e9 des cultures et des co\u00fbts (\u00e9conomies en eau, r\u00e9duction des pertes li\u00e9es aux al\u00e9as climatiques et aux ravageurs\u2026).<\/p>\n<p><strong>Vos avantages clefs\u00a0:<\/strong><\/p>\n<ul>\n<li>Installation possible<strong> sur des vergers existants ou de nouveaux vergers<\/strong><\/li>\n<li><strong>Conservation du caract\u00e8re agricole<\/strong> de la parcelle<\/li>\n<li><strong>R\u00e9duction des besoins en eau<\/strong><\/li>\n<li><strong>Diversification de vos revenus<\/strong><\/li>\n<li><strong>Accompagnement par nos experts techniques<\/strong> pour la conduite de cultures adapt\u00e9es<\/li>\n<li>Une <strong>conception personnalis\u00e9e<\/strong>, ajust\u00e9e \u00e0 votre parcelle et \u00e0 vos cultures<\/li>\n<li>Des <strong>d\u00e9marches administratives enti\u00e8rement g\u00e9r\u00e9es par REDEN<\/strong><\/li>\n<\/ul>\n<p>Tout comme pour l\u2019ensemble de nos solutions photovolta\u00efques, REDEN m\u00e8ne des \u00e9tudes approfondies du sol, de la biodiversit\u00e9, des besoins agricoles, afin de d\u00e9finir un <strong>projet utile<\/strong> pour l\u2019ensemble des parties prenantes. Nos \u00e9quipes se chargent ensuite de l\u2019ensemble des d\u00e9marches administratives, de la production des panneaux photovolta\u00efques, de la construction, de l\u2019exploitation et de la maintenance de l\u2019abri agrivolta\u00efque.<\/p>\n<p><img fetchpriority=\"high\" decoding=\"async\" width=\"1024\" height=\"329\" src=\"https:\/\/reden.solar\/wp-content\/uploads\/2023\/11\/ombriserre-vue-3d-5-1024x329.jpg\" alt=\"\" srcset=\"https:\/\/reden.solar\/wp-content\/uploads\/2023\/11\/ombriserre-vue-3d-5-1024x329.jpg 1024w, https:\/\/reden.solar\/wp-content\/uploads\/2023\/11\/ombriserre-vue-3d-5-300x96.jpg 300w, https:\/\/reden.solar\/wp-content\/uploads\/2023\/11\/ombriserre-vue-3d-5-768x247.jpg 768w, https:\/\/reden.solar\/wp-content\/uploads\/2023\/11\/ombriserre-vue-3d-5-1536x494.jpg 1536w, https:\/\/reden.solar\/wp-content\/uploads\/2023\/11\/ombriserre-vue-3d-5-2048x658.jpg 2048w\" sizes=\"(max-width: 1024px) 100vw, 1024px\" \/><br \/>\n<img decoding=\"async\" width=\"1024\" height=\"877\" src=\"https:\/\/reden.solar\/wp-content\/uploads\/2023\/11\/ombrieres-3d-1024x877.jpg\" alt=\"\" srcset=\"https:\/\/reden.solar\/wp-content\/uploads\/2023\/11\/ombrieres-3d-1024x877.jpg 1024w, https:\/\/reden.solar\/wp-content\/uploads\/2023\/11\/ombrieres-3d-300x257.jpg 300w, https:\/\/reden.solar\/wp-content\/uploads\/2023\/11\/ombrieres-3d-768x657.jpg 768w, https:\/\/reden.solar\/wp-content\/uploads\/2023\/11\/ombrieres-3d-1536x1315.jpg 1536w, https:\/\/reden.solar\/wp-content\/uploads\/2023\/11\/ombrieres-3d-2048x1753.jpg 2048w\" sizes=\"(max-width: 1024px) 100vw, 1024px\" \/><\/p>\n<h2>D\u00e9couvrez toutes nos expertises<\/h2>\n<p><img decoding=\"async\" width=\"1111\" height=\"480\" src=\"https:\/\/reden.solar\/wp-content\/uploads\/2023\/07\/bandeau-serre-photovoltaique-min-1.webp\" alt=\"\" srcset=\"https:\/\/reden.solar\/wp-content\/uploads\/2023\/07\/bandeau-serre-photovoltaique-min-1.webp 1111w, https:\/\/reden.solar\/wp-content\/uploads\/2023\/07\/bandeau-serre-photovoltaique-min-1-300x130.webp 300w, https:\/\/reden.solar\/wp-content\/uploads\/2023\/07\/bandeau-serre-photovoltaique-min-1-1024x442.webp 1024w, https:\/\/reden.solar\/wp-content\/uploads\/2023\/07\/bandeau-serre-photovoltaique-min-1-768x332.webp 768w\" sizes=\"(max-width: 1111px) 100vw, 1111px\" \/><\/p>\n<h3>Vous \u00eates : agriculteur, p\u00e9pini\u00e9riste, horticulteur, mara\u00eecher\u2026 ?<\/h3>\n<p>Vous recherchez un partenaire fiable et exp\u00e9riment\u00e9 pour construire un projet gagnant-gagnant ?<\/p>\n<p><a title=\"NOUS CONTACTER\" href=\"https:\/\/reden.solar\/nous-contacter\/?choix=1\">CONTACTEZ-NOUS<\/a><\/p>\n","protected":false},"excerpt":{"rendered":"<p>NOS EXPERTISES Les ombri\u00e8res agrivolta\u00efques SUR VERGERS : une plus-value face aux al\u00e9as climatique Les ombri\u00e8res agrivolta\u00efques sur vergers permettent une production en plein air, tout en b\u00e9n\u00e9ficiant de la protection offerte par les panneaux photovolta\u00efques face aux al\u00e9as climatiques (fortes chaleurs, grosses pluies, gr\u00eale). Pouvant servir de support pour des filets anti-insectes, elles offrent &#8230; <a title=\"Agrivoltaic sites for livestock and arable farming\" class=\"read-more\" href=\"https:\/\/reden.solar\/en\/agrivoltaic-sites-for-livestock-and-arable-farming\/\" aria-label=\"Read more about Agrivoltaic sites for livestock and arable farming\">Read more<\/a><\/p>\n","protected":false},"author":5,"featured_media":0,"parent":0,"menu_order":0,"comment_status":"closed","ping_status":"closed","template":"","meta":{"inline_featured_image":false,"footnotes":""},"class_list":["post-28105","page","type-page","status-publish"],"yoast_head":"<!-- This site is optimized with the Yoast SEO plugin v27.5 - https:\/\/yoast.com\/product\/yoast-seo-wordpress\/ -->\n<title>Agrivoltaic sites for livestock and arable farming - REDEN<\/title>\n<meta name=\"robots\" content=\"index, follow, max-snippet:-1, max-image-preview:large, max-video-preview:-1\" \/>\n<link rel=\"canonical\" href=\"https:\/\/reden.solar\/en\/agrivoltaic-sites-for-livestock-and-arable-farming\/\" \/>\n<meta property=\"og:locale\" content=\"en_US\" \/>\n<meta property=\"og:type\" content=\"article\" \/>\n<meta property=\"og:title\" content=\"Agrivoltaic sites for livestock and arable farming - REDEN\" \/>\n<meta property=\"og:description\" content=\"NOS EXPERTISES Les ombri\u00e8res agrivolta\u00efques SUR VERGERS : une plus-value face aux al\u00e9as climatique Les ombri\u00e8res agrivolta\u00efques sur vergers permettent une production en plein air, tout en b\u00e9n\u00e9ficiant de la protection offerte par les panneaux photovolta\u00efques face aux al\u00e9as climatiques (fortes chaleurs, grosses pluies, gr\u00eale). Pouvant servir de support pour des filets anti-insectes, elles offrent ... Read more\" \/>\n<meta property=\"og:url\" content=\"https:\/\/reden.solar\/en\/agrivoltaic-sites-for-livestock-and-arable-farming\/\" \/>\n<meta property=\"og:site_name\" content=\"REDEN\" \/>\n<meta property=\"article:modified_time\" content=\"2023-12-15T16:32:57+00:00\" \/>\n<meta property=\"og:image\" content=\"https:\/\/reden.solar\/wp-content\/uploads\/2023\/11\/ombriserre-vue-3d-5-1024x329.jpg\" \/>\n<meta name=\"twitter:card\" content=\"summary_large_image\" \/>\n<meta name=\"twitter:label1\" content=\"Est. reading time\" \/>\n\t<meta name=\"twitter:data1\" content=\"2 minutes\" \/>\n<script type=\"application\/ld+json\" class=\"yoast-schema-graph\">{\"@context\":\"https:\\\/\\\/schema.org\",\"@graph\":[{\"@type\":\"WebPage\",\"@id\":\"https:\\\/\\\/reden.solar\\\/en\\\/agrivoltaic-sites-for-livestock-and-arable-farming\\\/\",\"url\":\"https:\\\/\\\/reden.solar\\\/en\\\/agrivoltaic-sites-for-livestock-and-arable-farming\\\/\",\"name\":\"Agrivoltaic sites for livestock and arable farming - REDEN\",\"isPartOf\":{\"@id\":\"https:\\\/\\\/reden.solar\\\/en\\\/#website\"},\"primaryImageOfPage\":{\"@id\":\"https:\\\/\\\/reden.solar\\\/en\\\/agrivoltaic-sites-for-livestock-and-arable-farming\\\/#primaryimage\"},\"image\":{\"@id\":\"https:\\\/\\\/reden.solar\\\/en\\\/agrivoltaic-sites-for-livestock-and-arable-farming\\\/#primaryimage\"},\"thumbnailUrl\":\"https:\\\/\\\/reden.solar\\\/wp-content\\\/uploads\\\/2023\\\/11\\\/ombriserre-vue-3d-5-1024x329.jpg\",\"datePublished\":\"2023-12-15T16:32:55+00:00\",\"dateModified\":\"2023-12-15T16:32:57+00:00\",\"breadcrumb\":{\"@id\":\"https:\\\/\\\/reden.solar\\\/en\\\/agrivoltaic-sites-for-livestock-and-arable-farming\\\/#breadcrumb\"},\"inLanguage\":\"en-US\",\"potentialAction\":[{\"@type\":\"ReadAction\",\"target\":[\"https:\\\/\\\/reden.solar\\\/en\\\/agrivoltaic-sites-for-livestock-and-arable-farming\\\/\"]}]},{\"@type\":\"ImageObject\",\"inLanguage\":\"en-US\",\"@id\":\"https:\\\/\\\/reden.solar\\\/en\\\/agrivoltaic-sites-for-livestock-and-arable-farming\\\/#primaryimage\",\"url\":\"https:\\\/\\\/reden.solar\\\/wp-content\\\/uploads\\\/2023\\\/11\\\/ombriserre-vue-3d-5-1024x329.jpg\",\"contentUrl\":\"https:\\\/\\\/reden.solar\\\/wp-content\\\/uploads\\\/2023\\\/11\\\/ombriserre-vue-3d-5-1024x329.jpg\"},{\"@type\":\"BreadcrumbList\",\"@id\":\"https:\\\/\\\/reden.solar\\\/en\\\/agrivoltaic-sites-for-livestock-and-arable-farming\\\/#breadcrumb\",\"itemListElement\":[{\"@type\":\"ListItem\",\"position\":1,\"name\":\"Accueil\",\"item\":\"https:\\\/\\\/reden.solar\\\/en\\\/\"},{\"@type\":\"ListItem\",\"position\":2,\"name\":\"Agrivoltaic sites for livestock and arable farming\"}]},{\"@type\":\"WebSite\",\"@id\":\"https:\\\/\\\/reden.solar\\\/en\\\/#website\",\"url\":\"https:\\\/\\\/reden.solar\\\/en\\\/\",\"name\":\"REDEN\",\"description\":\"Sp\u00e9cialiste de la production d\u2019\u00e9lectricit\u00e9 photovolta\u00efque et du stockage d&#039;\u00e9nergie\",\"publisher\":{\"@id\":\"https:\\\/\\\/reden.solar\\\/en\\\/#organization\"},\"potentialAction\":[{\"@type\":\"SearchAction\",\"target\":{\"@type\":\"EntryPoint\",\"urlTemplate\":\"https:\\\/\\\/reden.solar\\\/en\\\/?s={search_term_string}\"},\"query-input\":{\"@type\":\"PropertyValueSpecification\",\"valueRequired\":true,\"valueName\":\"search_term_string\"}}],\"inLanguage\":\"en-US\"},{\"@type\":\"Organization\",\"@id\":\"https:\\\/\\\/reden.solar\\\/en\\\/#organization\",\"name\":\"REDEN\",\"url\":\"https:\\\/\\\/reden.solar\\\/en\\\/\",\"logo\":{\"@type\":\"ImageObject\",\"inLanguage\":\"en-US\",\"@id\":\"https:\\\/\\\/reden.solar\\\/en\\\/#\\\/schema\\\/logo\\\/image\\\/\",\"url\":\"https:\\\/\\\/reden.solar\\\/wp-content\\\/uploads\\\/2025\\\/01\\\/cropped-reden-quadri.png\",\"contentUrl\":\"https:\\\/\\\/reden.solar\\\/wp-content\\\/uploads\\\/2025\\\/01\\\/cropped-reden-quadri.png\",\"width\":2399,\"height\":850,\"caption\":\"REDEN\"},\"image\":{\"@id\":\"https:\\\/\\\/reden.solar\\\/en\\\/#\\\/schema\\\/logo\\\/image\\\/\"},\"sameAs\":[\"https:\\\/\\\/www.linkedin.com\\\/company\\\/redensolar\\\/mycompany\\\/\",\"https:\\\/\\\/vimeo.com\\\/redensolar\"]}]}<\/script>\n<!-- \/ Yoast SEO plugin. -->","yoast_head_json":{"title":"Agrivoltaic sites for livestock and arable farming - REDEN","robots":{"index":"index","follow":"follow","max-snippet":"max-snippet:-1","max-image-preview":"max-image-preview:large","max-video-preview":"max-video-preview:-1"},"canonical":"https:\/\/reden.solar\/en\/agrivoltaic-sites-for-livestock-and-arable-farming\/","og_locale":"en_US","og_type":"article","og_title":"Agrivoltaic sites for livestock and arable farming - REDEN","og_description":"NOS EXPERTISES Les ombri\u00e8res agrivolta\u00efques SUR VERGERS : une plus-value face aux al\u00e9as climatique Les ombri\u00e8res agrivolta\u00efques sur vergers permettent une production en plein air, tout en b\u00e9n\u00e9ficiant de la protection offerte par les panneaux photovolta\u00efques face aux al\u00e9as climatiques (fortes chaleurs, grosses pluies, gr\u00eale). Pouvant servir de support pour des filets anti-insectes, elles offrent ... Read more","og_url":"https:\/\/reden.solar\/en\/agrivoltaic-sites-for-livestock-and-arable-farming\/","og_site_name":"REDEN","article_modified_time":"2023-12-15T16:32:57+00:00","og_image":[{"url":"https:\/\/reden.solar\/wp-content\/uploads\/2023\/11\/ombriserre-vue-3d-5-1024x329.jpg","type":"","width":"","height":""}],"twitter_card":"summary_large_image","twitter_misc":{"Est. reading time":"2 minutes"},"schema":{"@context":"https:\/\/schema.org","@graph":[{"@type":"WebPage","@id":"https:\/\/reden.solar\/en\/agrivoltaic-sites-for-livestock-and-arable-farming\/","url":"https:\/\/reden.solar\/en\/agrivoltaic-sites-for-livestock-and-arable-farming\/","name":"Agrivoltaic sites for livestock and arable farming - REDEN","isPartOf":{"@id":"https:\/\/reden.solar\/en\/#website"},"primaryImageOfPage":{"@id":"https:\/\/reden.solar\/en\/agrivoltaic-sites-for-livestock-and-arable-farming\/#primaryimage"},"image":{"@id":"https:\/\/reden.solar\/en\/agrivoltaic-sites-for-livestock-and-arable-farming\/#primaryimage"},"thumbnailUrl":"https:\/\/reden.solar\/wp-content\/uploads\/2023\/11\/ombriserre-vue-3d-5-1024x329.jpg","datePublished":"2023-12-15T16:32:55+00:00","dateModified":"2023-12-15T16:32:57+00:00","breadcrumb":{"@id":"https:\/\/reden.solar\/en\/agrivoltaic-sites-for-livestock-and-arable-farming\/#breadcrumb"},"inLanguage":"en-US","potentialAction":[{"@type":"ReadAction","target":["https:\/\/reden.solar\/en\/agrivoltaic-sites-for-livestock-and-arable-farming\/"]}]},{"@type":"ImageObject","inLanguage":"en-US","@id":"https:\/\/reden.solar\/en\/agrivoltaic-sites-for-livestock-and-arable-farming\/#primaryimage","url":"https:\/\/reden.solar\/wp-content\/uploads\/2023\/11\/ombriserre-vue-3d-5-1024x329.jpg","contentUrl":"https:\/\/reden.solar\/wp-content\/uploads\/2023\/11\/ombriserre-vue-3d-5-1024x329.jpg"},{"@type":"BreadcrumbList","@id":"https:\/\/reden.solar\/en\/agrivoltaic-sites-for-livestock-and-arable-farming\/#breadcrumb","itemListElement":[{"@type":"ListItem","position":1,"name":"Accueil","item":"https:\/\/reden.solar\/en\/"},{"@type":"ListItem","position":2,"name":"Agrivoltaic sites for livestock and arable farming"}]},{"@type":"WebSite","@id":"https:\/\/reden.solar\/en\/#website","url":"https:\/\/reden.solar\/en\/","name":"REDEN","description":"Sp\u00e9cialiste de la production d\u2019\u00e9lectricit\u00e9 photovolta\u00efque et du stockage d&#039;\u00e9nergie","publisher":{"@id":"https:\/\/reden.solar\/en\/#organization"},"potentialAction":[{"@type":"SearchAction","target":{"@type":"EntryPoint","urlTemplate":"https:\/\/reden.solar\/en\/?s={search_term_string}"},"query-input":{"@type":"PropertyValueSpecification","valueRequired":true,"valueName":"search_term_string"}}],"inLanguage":"en-US"},{"@type":"Organization","@id":"https:\/\/reden.solar\/en\/#organization","name":"REDEN","url":"https:\/\/reden.solar\/en\/","logo":{"@type":"ImageObject","inLanguage":"en-US","@id":"https:\/\/reden.solar\/en\/#\/schema\/logo\/image\/","url":"https:\/\/reden.solar\/wp-content\/uploads\/2025\/01\/cropped-reden-quadri.png","contentUrl":"https:\/\/reden.solar\/wp-content\/uploads\/2025\/01\/cropped-reden-quadri.png","width":2399,"height":850,"caption":"REDEN"},"image":{"@id":"https:\/\/reden.solar\/en\/#\/schema\/logo\/image\/"},"sameAs":["https:\/\/www.linkedin.com\/company\/redensolar\/mycompany\/","https:\/\/vimeo.com\/redensolar"]}]}},"_links":{"self":[{"href":"https:\/\/reden.solar\/en\/wp-json\/wp\/v2\/pages\/28105","targetHints":{"allow":["GET"]}}],"collection":[{"href":"https:\/\/reden.solar\/en\/wp-json\/wp\/v2\/pages"}],"about":[{"href":"https:\/\/reden.solar\/en\/wp-json\/wp\/v2\/types\/page"}],"author":[{"embeddable":true,"href":"https:\/\/reden.solar\/en\/wp-json\/wp\/v2\/users\/5"}],"replies":[{"embeddable":true,"href":"https:\/\/reden.solar\/en\/wp-json\/wp\/v2\/comments?post=28105"}],"version-history":[{"count":0,"href":"https:\/\/reden.solar\/en\/wp-json\/wp\/v2\/pages\/28105\/revisions"}],"wp:attachment":[{"href":"https:\/\/reden.solar\/en\/wp-json\/wp\/v2\/media?parent=28105"}],"curies":[{"name":"wp","href":"https:\/\/api.w.org\/{rel}","templated":true}]}}